{"id":1684,"date":"2014-11-20T15:50:29","date_gmt":"2014-11-20T14:50:29","guid":{"rendered":"http:\/\/www.jufeba.de\/?page_id=1684"},"modified":"2023-12-17T22:39:57","modified_gmt":"2023-12-17T21:39:57","slug":"machine-a-beignets-serie-ww","status":"publish","type":"page","link":"https:\/\/www.heim-geraetebau.de\/fr\/jufeba-3\/machine-a-beignets-serie-ww\/","title":{"rendered":"Machine \u00e0 beignets S\u00e9rie WW"},"content":{"rendered":"<h1>LE CLASSIQUE<\/h1>\n<h2>MACHINE \u00c0 BEIGNETS S\u00c9RIE WW<a href=\"https:\/\/www.heim-geraetebau.de\/wp-content\/uploads\/2019\/01\/JUFEBA-WW.pdf\" target=\"_blank\" rel=\"noopener\"><img decoding=\"async\" class=\"alignright wp-image-1452 size-full\" src=\"https:\/\/www.heim-geraetebau.de\/wp-content\/uploads\/2015\/01\/file_pdf.png\" alt=\"\" width=\"48\" height=\"48\" \/><\/a><\/h2>\n<h3>Une qualit\u00e9 excellente des produits de boulangerie par un proc\u00e9d\u00e9 de retournement indulgent<\/h3>\n<div class=\"divider_line\"><\/div>\n<p><a href=\"http:\/\/heim-geraetebau.de\/wp-content\/uploads\/2014\/11\/WW-GW10-frei1.png\" class=\"wp_lightbox\" rel=\"post_1684\"><img fetchpriority=\"high\" decoding=\"async\" class=\"alignnone wp-image-658 size-large\" src=\"https:\/\/www.heim-geraetebau.de\/wp-content\/uploads\/2014\/11\/WW-GW10-frei1-1024x799.png\" alt=\"\" width=\"1024\" height=\"799\" srcset=\"https:\/\/www.heim-geraetebau.de\/wp-content\/uploads\/2014\/11\/WW-GW10-frei1-1024x799.png 1024w, https:\/\/www.heim-geraetebau.de\/wp-content\/uploads\/2014\/11\/WW-GW10-frei1-300x234.png 300w\" sizes=\"(max-width: 1024px) 100vw, 1024px\" \/><\/a><\/p>\n<h3><\/h3>\n<p>&nbsp;<\/p>\n<h3>Fermenter<\/h3>\n<p>Vous pouvez fermenter les viennoiseries sur des bennes au choix avec ou sans un support sp\u00e9cial. Des mod\u00e8les d&rsquo;armoire de fermentation d\u00e9tiennent un espace de fermentation int\u00e9gr\u00e9 et isol\u00e9 compl\u00e8tement, y compris un chauffage r\u00e9gul\u00e9 par thermostat particulier, un bac de bu\u00e9e et une circulation d&rsquo;air optimis\u00e9e.<\/p>\n<h3>Charger<\/h3>\n<p>La donn\u00e9e des p\u00e2tons ferment\u00e9s est indulgent, parce que vous pouvez poser les bennes simplement au-dessus du bac de graisse et appuyer bonnement le m\u00e9canisme de pliage. Il est possible d\u2019attacher un chargeur des petits g\u00e2teaux secs au bac de graisse pour charger les petits g\u00e2teaux secs et les beignets plus rapidement.<\/p>\n<h3>Cuisson<\/h3>\n<p>Vous pouvez cuire les p\u00e2tisseries au choix avec un couvercle ouvert ou ferm\u00e9. Pendant la cuisson le thermor\u00e9gulateur \u00e9lectronique r\u00e8gle exactement la temp\u00e9rature de graisse pr\u00e9r\u00e9gl\u00e9e \u00e0 un centigrade.<\/p>\n<h3>Tourner<\/h3>\n<p>Le dispositif tourne toutes les p\u00e2tisseries simultan\u00e9ment, vite et avec de l\u2019indulgence dans leur centre de gravit\u00e9 par les soul\u00e8ve bri\u00e8vement et par basculer facilement le levier de tournant.<\/p>\n<h3>Pr\u00e9lever<\/h3>\n<p>Vous soulevez le dispositif de tournant dans la position de levage supr\u00eame, vous remuez le dispositif de pr\u00e9l\u00e8vement entre le dispositif de tournant et le bac de graisse et vous posez les p\u00e2tisseries au dispositif de pr\u00e9l\u00e8vement en fa\u00e7on indulgent par appuyer le levier de tournant l\u00e9g\u00e8rement. Ensuite vous repoussez le dispositif de pr\u00e9l\u00e8vement avec les p\u00e2tisseries \u00e0 travers d&rsquo;\u00e9gouttoir.<\/p>\n<h3>Assimiler<\/h3>\n<p>Pendant la cuisson suivante vous pouvez pr\u00e9lever les p\u00e2tisseries du dispositif de pr\u00e9l\u00e8vement et les assimilez.<\/p>\n<h3>Nettoyage de Graisse<\/h3>\n<p>Il est possible d\u2019int\u00e9grer un filtre \u00e0 graisse dans tous les appareils mobiles pour nettoyer la graisse vite. Vous pouvez prolonger sensiblement le temps d\u2019attente par la nettoyer journellement.\u00a0\u00c7a \u00e9conomise les d\u00e9penses de la graisse et augmente la qualit\u00e9 des p\u00e2tisseries.<\/p>\n<h3 class=\"p31 ft14\"><div class=\"one_fourth\">Versions<\/div> <div class=\"one_fourth\">Tailles des machines<\/div> <div class=\"one_fourth\">Mat\u00e9riel<\/div> <div class=\"one_fourth last\">D\u00e9pendances moyennant un suppl\u00e9ment<\/div><div class=\"clearboth\"><\/div><\/h3>\n<p class=\"p31 ft14\"><div class=\"one_fourth\"><p class=\"p22 ft9\">Mod\u00e8les de table<br \/>\nWW-T<\/p>\n<p class=\"p24 ft9\">Mod\u00e8les sur pieds<br \/>\nWW-S<\/p>\n<p class=\"p24 ft9\">Mod\u00e8les d&rsquo;armoire de fermentation<br \/>\nWW-G<\/p>\n<p class=\"p24 ft9\">Mod\u00e8les de chariot de fermentation<br \/>\nWW-GW<\/p>\n<p class=\"p31 ft14\"><\/div> <div class=\"one_fourth\">Il y a des dispositifs avec une taille du bac de graisse pour 24, 36, 48 et 60 p\u00e2tisseries, ainsi que des installations doubles \u00e9conomisant l&rsquo;espace.<\/div> <div class=\"one_fourth\">Chaque machine en acier inoxydable est fournie en un couvercle \u00e0 charni\u00e8re pour le bac de graisse, un dispositif d&rsquo;\u00e9l\u00e9vatrice, ainsi qu&rsquo;un dispositif de tournant et un dispositif de d\u00e9pose, un \u00e9gouttoir au choix fix\u00e9\u00a0\u00e0 gauche ou \u00e0 droite avec un dispositif de pr\u00e9l\u00e8vement et un thermor\u00e9gulateur \u00e9lectronique. Les mod\u00e8les d\u2019armoire de fermentation sont en outre fournis en 10 bennes et les mod\u00e8les de chariot de fermentation sont fournis en un chariot de fermentation escamotable.<br \/><\/div> <div class=\"one_fourth last\">Un module de nettoyage de graisse avec un r\u00e9servoir de r\u00e9ception de graisse et une pompe \u00e0 graisse, une machine des \u00e9chaud\u00e9s avec une fixation, un bac d\u2019immersion plat, un cadre de levage, ainsi que des bennes au choix avec ou sans un support sp\u00e9cial.<\/div><div class=\"clearboth\"><\/div>\n<p class=\"p29 ft13\"><div class=\"divider_line\"><\/div>\n<div class=\"table_style\">\n<table cellspacing=\"0\" cellpadding=\"0\">\n<tbody>\n<tr>\n<td>Liste des types<\/td>\n<td>24 pi\u00e8ces<\/td>\n<td>36 pi\u00e8ces<\/td>\n<td>48 pi\u00e8ces<\/td>\n<td>60 pi\u00e8ces<\/td>\n<\/tr>\n<tr>\n<td>Mod\u00e8le de table<\/td>\n<td>WW-T 02<\/td>\n<td>WW-T 05<\/td>\n<td>WW-T 10<\/td>\n<td>WW-T 20<\/td>\n<\/tr>\n<tr>\n<td>Mod\u00e8le sur pieds<\/td>\n<td>&#8211;<\/td>\n<td>WW-S 05<\/td>\n<td>WW-S 10<\/td>\n<td>WW-S 20<\/td>\n<\/tr>\n<tr>\n<td>Mod\u00e8le d&rsquo;armoire de fermentation<\/td>\n<td>WW-G 02<\/td>\n<td>WW-G 05<\/td>\n<td>WW-G 10<\/td>\n<td>WW-G20<\/td>\n<\/tr>\n<tr>\n<td>Mod\u00e8le de chariot de fermentation<\/td>\n<td>&#8211;<\/td>\n<td>WW-GW 05<\/td>\n<td>WW-GW 10<\/td>\n<td>WW-GW 20<\/td>\n<\/tr>\n<tr>\n<td>Container de fermentation<\/td>\n<td>C-02<\/td>\n<td>C-05<\/td>\n<td>C-10<\/td>\n<td>C-20<\/td>\n<\/tr>\n<tr>\n<td><\/td>\n<td><\/td>\n<td><\/td>\n<td><\/td>\n<td><\/td>\n<\/tr>\n<tr>\n<td>Caract\u00e9ristiques techniques:<\/td>\n<td>WW-G 02<\/td>\n<td>WW-G 05<\/td>\n<td>WW-G 10<\/td>\n<td>WW-G 20<\/td>\n<\/tr>\n<tr>\n<td>Mesure de la benne<\/td>\n<td>40 x 60 cm<\/td>\n<td>58 x 58 cm<\/td>\n<td>58 x 78 cm<\/td>\n<td>58 x 98 cm<\/td>\n<\/tr>\n<tr>\n<td>Puissance horaire env.*<\/td>\n<td>240 pi\u00e8ces<\/td>\n<td>360 pi\u00e8ces<\/td>\n<td>480 pi\u00e8ces<\/td>\n<td>600 pi\u00e8ces<\/td>\n<\/tr>\n<tr>\n<td>Largeur ferm\u00e9e<\/td>\n<td>10 10 mm<\/td>\n<td>1010 mm<\/td>\n<td>1220 mm<\/td>\n<td>1425 mm<\/td>\n<\/tr>\n<tr>\n<td>Largeur en positon de travail<\/td>\n<td>1635 mm<\/td>\n<td>1635 mm<\/td>\n<td>2035 mm<\/td>\n<td>2420 mm<\/td>\n<\/tr>\n<tr>\n<td>\u00c9paisseur<\/td>\n<td>1135 mm<\/td>\n<td>1120 mm<\/td>\n<td>1120 mm<\/td>\n<td>1120 mm<\/td>\n<\/tr>\n<tr>\n<td>Gravit\u00e9<\/td>\n<td>600 mm<\/td>\n<td>820 mm<\/td>\n<td>820 mm<\/td>\n<td>820 mm<\/td>\n<\/tr>\n<tr>\n<td>Chauffage du bac de graisse<\/td>\n<td>4,5 kW<\/td>\n<td>6,0 kW<\/td>\n<td>7,5 kW<\/td>\n<td>9,0 kW<\/td>\n<\/tr>\n<tr>\n<td>Charge de connexion enti\u00e8re<\/td>\n<td>5,3 kW<\/td>\n<td>6,8 kW<\/td>\n<td>8,3 kW<\/td>\n<td>10,5 kW<\/td>\n<\/tr>\n<tr>\n<td>Tension d&rsquo;alimentation 230\/400 Volt<\/td>\n<td><\/td>\n<td><\/td>\n<td><\/td>\n<td><\/td>\n<\/tr>\n<tr>\n<td>\u00a0* en cas de 6 min. temps de cuisson<\/td>\n<td colspan=\"4\">Sous r\u00e9serve de modifications techniques.<\/td>\n<\/tr>\n<\/tbody>\n<\/table>\n<\/div>\n<a href=\"https:\/\/www.heim-geraetebau.de\/wp-content\/uploads\/2019\/01\/JUFEBA-WW.pdf\" target=\"_blank\" rel=\"noopener\">t\u00e9l\u00e9chargement PDF<\/a><\/p>\n","protected":false},"excerpt":{"rendered":"<p>LE CLASSIQUE MACHINE \u00c0 BEIGNETS S\u00c9RIE WW Une qualit\u00e9 excellente des produits de boulangerie par un proc\u00e9d\u00e9 de retournement indulgent &nbsp; Fermenter Vous pouvez fermenter les viennoiseries sur des bennes &#8230;<\/p>\n","protected":false},"author":2,"featured_media":0,"parent":1612,"menu_order":3,"comment_status":"open","ping_status":"open","template":"template_fullwidth.php","meta":{"_exactmetrics_skip_tracking":false,"_exactmetrics_sitenote_active":false,"_exactmetrics_sitenote_note":"","_exactmetrics_sitenote_category":0,"footnotes":""},"yoast_head":"<!-- This site is optimized with the Yoast SEO plugin v22.2 - https:\/\/yoast.com\/wordpress\/plugins\/seo\/ -->\n<title>Machine \u00e0 beignets S\u00e9rie WW - Heim Ger\u00e4tebau<\/title>\n<meta name=\"description\" content=\"machine a beignets serie ww\" \/>\n<meta name=\"robots\" content=\"index, follow, max-snippet:-1, max-image-preview:large, max-video-preview:-1\" \/>\n<link rel=\"canonical\" href=\"https:\/\/www.heim-geraetebau.de\/fr\/jufeba-3\/machine-a-beignets-serie-ww\/\" \/>\n<meta property=\"og:locale\" content=\"fr_FR\" \/>\n<meta property=\"og:type\" content=\"article\" \/>\n<meta property=\"og:title\" content=\"Machine \u00e0 beignets S\u00e9rie WW - Heim Ger\u00e4tebau\" \/>\n<meta property=\"og:description\" content=\"machine a beignets serie ww\" \/>\n<meta property=\"og:url\" content=\"https:\/\/www.heim-geraetebau.de\/fr\/jufeba-3\/machine-a-beignets-serie-ww\/\" \/>\n<meta property=\"og:site_name\" content=\"Heim Ger\u00e4tebau\" \/>\n<meta property=\"article:modified_time\" content=\"2023-12-17T21:39:57+00:00\" \/>\n<meta property=\"og:image\" content=\"https:\/\/www.heim-geraetebau.de\/wp-content\/uploads\/2015\/01\/file_pdf.png\" \/>\n<meta name=\"twitter:card\" content=\"summary_large_image\" \/>\n<meta name=\"twitter:label1\" content=\"Dur\u00e9e de lecture estim\u00e9e\" \/>\n\t<meta name=\"twitter:data1\" content=\"4 minutes\" \/>\n<script type=\"application\/ld+json\" class=\"yoast-schema-graph\">{\"@context\":\"https:\/\/schema.org\",\"@graph\":[{\"@type\":\"WebPage\",\"@id\":\"https:\/\/www.heim-geraetebau.de\/fr\/jufeba-3\/machine-a-beignets-serie-ww\/\",\"url\":\"https:\/\/www.heim-geraetebau.de\/fr\/jufeba-3\/machine-a-beignets-serie-ww\/\",\"name\":\"Machine \u00e0 beignets S\u00e9rie WW - Heim Ger\u00e4tebau\",\"isPartOf\":{\"@id\":\"https:\/\/www.heim-geraetebau.de\/fr\/#website\"},\"primaryImageOfPage\":{\"@id\":\"https:\/\/www.heim-geraetebau.de\/fr\/jufeba-3\/machine-a-beignets-serie-ww\/#primaryimage\"},\"image\":{\"@id\":\"https:\/\/www.heim-geraetebau.de\/fr\/jufeba-3\/machine-a-beignets-serie-ww\/#primaryimage\"},\"thumbnailUrl\":\"https:\/\/www.heim-geraetebau.de\/wp-content\/uploads\/2015\/01\/file_pdf.png\",\"datePublished\":\"2014-11-20T14:50:29+00:00\",\"dateModified\":\"2023-12-17T21:39:57+00:00\",\"description\":\"machine a beignets serie ww\",\"inLanguage\":\"fr-FR\",\"potentialAction\":[{\"@type\":\"ReadAction\",\"target\":[\"https:\/\/www.heim-geraetebau.de\/fr\/jufeba-3\/machine-a-beignets-serie-ww\/\"]}]},{\"@type\":\"ImageObject\",\"inLanguage\":\"fr-FR\",\"@id\":\"https:\/\/www.heim-geraetebau.de\/fr\/jufeba-3\/machine-a-beignets-serie-ww\/#primaryimage\",\"url\":\"https:\/\/www.heim-geraetebau.de\/wp-content\/uploads\/2015\/01\/file_pdf.png\",\"contentUrl\":\"https:\/\/www.heim-geraetebau.de\/wp-content\/uploads\/2015\/01\/file_pdf.png\",\"width\":48,\"height\":48},{\"@type\":\"WebSite\",\"@id\":\"https:\/\/www.heim-geraetebau.de\/fr\/#website\",\"url\":\"https:\/\/www.heim-geraetebau.de\/fr\/\",\"name\":\"JUFEBA\",\"description\":\"\",\"potentialAction\":[{\"@type\":\"SearchAction\",\"target\":{\"@type\":\"EntryPoint\",\"urlTemplate\":\"https:\/\/www.heim-geraetebau.de\/fr\/?s={search_term_string}\"},\"query-input\":\"required name=search_term_string\"}],\"inLanguage\":\"fr-FR\"}]}<\/script>\n<!-- \/ Yoast SEO plugin. -->","yoast_head_json":{"title":"Machine \u00e0 beignets S\u00e9rie WW - Heim Ger\u00e4tebau","description":"machine a beignets serie ww","robots":{"index":"index","follow":"follow","max-snippet":"max-snippet:-1","max-image-preview":"max-image-preview:large","max-video-preview":"max-video-preview:-1"},"canonical":"https:\/\/www.heim-geraetebau.de\/fr\/jufeba-3\/machine-a-beignets-serie-ww\/","og_locale":"fr_FR","og_type":"article","og_title":"Machine \u00e0 beignets S\u00e9rie WW - Heim Ger\u00e4tebau","og_description":"machine a beignets serie ww","og_url":"https:\/\/www.heim-geraetebau.de\/fr\/jufeba-3\/machine-a-beignets-serie-ww\/","og_site_name":"Heim Ger\u00e4tebau","article_modified_time":"2023-12-17T21:39:57+00:00","og_image":[{"url":"https:\/\/www.heim-geraetebau.de\/wp-content\/uploads\/2015\/01\/file_pdf.png"}],"twitter_card":"summary_large_image","twitter_misc":{"Dur\u00e9e de lecture estim\u00e9e":"4 minutes"},"schema":{"@context":"https:\/\/schema.org","@graph":[{"@type":"WebPage","@id":"https:\/\/www.heim-geraetebau.de\/fr\/jufeba-3\/machine-a-beignets-serie-ww\/","url":"https:\/\/www.heim-geraetebau.de\/fr\/jufeba-3\/machine-a-beignets-serie-ww\/","name":"Machine \u00e0 beignets S\u00e9rie WW - Heim Ger\u00e4tebau","isPartOf":{"@id":"https:\/\/www.heim-geraetebau.de\/fr\/#website"},"primaryImageOfPage":{"@id":"https:\/\/www.heim-geraetebau.de\/fr\/jufeba-3\/machine-a-beignets-serie-ww\/#primaryimage"},"image":{"@id":"https:\/\/www.heim-geraetebau.de\/fr\/jufeba-3\/machine-a-beignets-serie-ww\/#primaryimage"},"thumbnailUrl":"https:\/\/www.heim-geraetebau.de\/wp-content\/uploads\/2015\/01\/file_pdf.png","datePublished":"2014-11-20T14:50:29+00:00","dateModified":"2023-12-17T21:39:57+00:00","description":"machine a beignets serie ww","inLanguage":"fr-FR","potentialAction":[{"@type":"ReadAction","target":["https:\/\/www.heim-geraetebau.de\/fr\/jufeba-3\/machine-a-beignets-serie-ww\/"]}]},{"@type":"ImageObject","inLanguage":"fr-FR","@id":"https:\/\/www.heim-geraetebau.de\/fr\/jufeba-3\/machine-a-beignets-serie-ww\/#primaryimage","url":"https:\/\/www.heim-geraetebau.de\/wp-content\/uploads\/2015\/01\/file_pdf.png","contentUrl":"https:\/\/www.heim-geraetebau.de\/wp-content\/uploads\/2015\/01\/file_pdf.png","width":48,"height":48},{"@type":"WebSite","@id":"https:\/\/www.heim-geraetebau.de\/fr\/#website","url":"https:\/\/www.heim-geraetebau.de\/fr\/","name":"JUFEBA","description":"","potentialAction":[{"@type":"SearchAction","target":{"@type":"EntryPoint","urlTemplate":"https:\/\/www.heim-geraetebau.de\/fr\/?s={search_term_string}"},"query-input":"required name=search_term_string"}],"inLanguage":"fr-FR"}]}},"_links":{"self":[{"href":"https:\/\/www.heim-geraetebau.de\/fr\/wp-json\/wp\/v2\/pages\/1684"}],"collection":[{"href":"https:\/\/www.heim-geraetebau.de\/fr\/wp-json\/wp\/v2\/pages"}],"about":[{"href":"https:\/\/www.heim-geraetebau.de\/fr\/wp-json\/wp\/v2\/types\/page"}],"author":[{"embeddable":true,"href":"https:\/\/www.heim-geraetebau.de\/fr\/wp-json\/wp\/v2\/users\/2"}],"replies":[{"embeddable":true,"href":"https:\/\/www.heim-geraetebau.de\/fr\/wp-json\/wp\/v2\/comments?post=1684"}],"version-history":[{"count":1,"href":"https:\/\/www.heim-geraetebau.de\/fr\/wp-json\/wp\/v2\/pages\/1684\/revisions"}],"predecessor-version":[{"id":3601,"href":"https:\/\/www.heim-geraetebau.de\/fr\/wp-json\/wp\/v2\/pages\/1684\/revisions\/3601"}],"up":[{"embeddable":true,"href":"https:\/\/www.heim-geraetebau.de\/fr\/wp-json\/wp\/v2\/pages\/1612"}],"wp:attachment":[{"href":"https:\/\/www.heim-geraetebau.de\/fr\/wp-json\/wp\/v2\/media?parent=1684"}],"curies":[{"name":"wp","href":"https:\/\/api.w.org\/{rel}","templated":true}]}}