{"id":1674,"date":"2015-02-23T18:38:33","date_gmt":"2015-02-23T17:38:33","guid":{"rendered":"http:\/\/www.jufeba.de\/?page_id=1674"},"modified":"2023-12-17T22:47:28","modified_gmt":"2023-12-17T21:47:28","slug":"friteuses-serie-tk","status":"publish","type":"page","link":"https:\/\/www.heim-geraetebau.de\/fr\/jufeba-3\/friteuses-serie-tk\/","title":{"rendered":"Friteuse S\u00e9rie TK"},"content":{"rendered":"<h1>LE POLYVALENT<\/h1>\n<h2>FRITEUSE S\u00c9RIE TK<a href=\"https:\/\/www.heim-geraetebau.de\/wp-content\/uploads\/2019\/01\/JUFEBA-TK.pdf\" target=\"_blank\" rel=\"noopener\"><img decoding=\"async\" class=\"alignright wp-image-1452 size-full\" src=\"https:\/\/www.heim-geraetebau.de\/wp-content\/uploads\/2015\/01\/file_pdf.png\" alt=\"\" width=\"48\" height=\"48\" \/><\/a><\/h2>\n<h3 data-canvas-width=\"299.6600000000001\">Une s\u00e9rie simple et robuste pour une utilisation polyvalente<\/h3>\n<div class=\"divider_line\"><\/div>\n<p><a href=\"http:\/\/heim-geraetebau.de\/wp-content\/uploads\/2014\/11\/TK-S10-frei1.png\" class=\"wp_lightbox\" rel=\"post_1674\"><img fetchpriority=\"high\" decoding=\"async\" class=\"alignnone wp-image-652 size-large\" src=\"http:\/\/heim-geraetebau.de\/wp-content\/uploads\/2014\/11\/TK-S10-frei1-1024x755.png\" alt=\"\" width=\"1024\" height=\"755\" srcset=\"https:\/\/www.heim-geraetebau.de\/wp-content\/uploads\/2014\/11\/TK-S10-frei1-1024x755.png 1024w, https:\/\/www.heim-geraetebau.de\/wp-content\/uploads\/2014\/11\/TK-S10-frei1-300x221.png 300w\" sizes=\"(max-width: 1024px) 100vw, 1024px\" \/><\/a><\/p>\n<h3>Fermenter<\/h3>\n<p>Vous pouvez fermenter les viennoiseries sur des supports de p\u00e2tons en fermentation avec des tissus molletonn\u00e9s. Les mod\u00e8les d\u2019armoire de fermentation d\u00e9tiennent un espace de fermentation int\u00e9gr\u00e9 et isol\u00e9 compl\u00e8tement, un chauffage r\u00e9gul\u00e9 par thermostat particulier, un bac de bu\u00e9e et une circulation d\u2019air optimis\u00e9e compris.<\/p>\n<h3>Charger<\/h3>\n<p>La donn\u00e9e des p\u00e2tons ferment\u00e9s est facile, parce que vous pouvez tourner les supports des p\u00e2tons en fermentation au travers du bac d&rsquo;immersion et ensuite faire descendre le bac d&rsquo;immersion dans le bac de graisse. Il est possible d&rsquo;attacher un chargeur des petits g\u00e2teaux secs au bac de graisse pour charger les petits g\u00e2teaux secs et beignets plus rapidement.<\/p>\n<h3>Cuisson<\/h3>\n<p>Vous pouvez cuire les p\u00e2tisseries au choix avec un couvercle ouvert ou ferm\u00e9. Pendant la cuisson le thermor\u00e9gulateur \u00e9lectronique r\u00e8gle la temp\u00e9rature de graisse pr\u00e9r\u00e9gl\u00e9e exactement \u00e0 un centigrade.<\/p>\n<h3>Tourner<\/h3>\n<p>Tourner les p\u00e2tisseries s\u2019op\u00e8re en fa\u00e7on conventionnelle, parce que nous nous sommes priv\u00e9s consciemment d\u2019un dispositif de retournement.<\/p>\n<h3>Pr\u00e9lever<\/h3>\n<p>Vous prenez le bac d&rsquo;immersion du bac de graisse et le pose \u00e0 l&rsquo;\u00e9gouttoir.<\/p>\n<h3>Assimiler<\/h3>\n<p>Apr\u00e8s le d\u00e9but de la cuisson vous pouvez d\u00e9duire les p\u00e2tisseries du dispositif de pr\u00e9l\u00e8vement et les transformer.<\/p>\n<h3>Nettoyage de Graisse<\/h3>\n<p>Il est possible d&rsquo;int\u00e9grer un filtre \u00e0 graisse dans tous les appareils mobiles pour nettoyer la graisse plus vite. Vous pouvez prolonger sensiblement le temps d&rsquo;attente par la nettoyer journellement.\u00a0\u00c7a \u00e9conomise les d\u00e9penses de la graisse et augmente la qualit\u00e9 des p\u00e2tisseries.<\/p>\n<p><a href=\"https:\/\/www.heim-geraetebau.de\/wp-content\/uploads\/2014\/11\/TK-T00-frei1.png\" class=\"wp_lightbox\" rel=\"post_1674\"><img decoding=\"async\" class=\"alignnone wp-image-655 size-large\" src=\"https:\/\/www.heim-geraetebau.de\/wp-content\/uploads\/2014\/11\/TK-T00-frei1-1024x524.png\" alt=\"\" width=\"1024\" height=\"524\" srcset=\"https:\/\/www.heim-geraetebau.de\/wp-content\/uploads\/2014\/11\/TK-T00-frei1-1024x524.png 1024w, https:\/\/www.heim-geraetebau.de\/wp-content\/uploads\/2014\/11\/TK-T00-frei1-300x153.png 300w\" sizes=\"(max-width: 1024px) 100vw, 1024px\" \/><\/a><\/p>\n<h3 class=\"p31 ft14\"><div class=\"one_fourth\">Versions<\/div> <div class=\"one_fourth\">Tailles des\u00a0 machines<\/div> <div class=\"one_fourth\">Mat\u00e9riel<\/div> <div class=\"one_fourth last\"><span class=\"ft3\">D\u00e9pendances <\/span>moyennant un suppl\u00e9ment<\/div><div class=\"clearboth\"><\/div><\/h3>\n<p class=\"p31 ft14\"><div class=\"one_fourth\">Mod\u00e8les de table<br \/>\nTK-T<\/p>\n<p class=\"p29 ft13\">Mod\u00e8les sur pieds<br \/>\nTK-S<\/p>\n<p class=\"p29 ft13\">Mod\u00e8les d&rsquo;armoire de fermentation<br \/>\nTK-G<\/div> <div class=\"one_fourth\">Des appareils avec une taille du bac de graisse pour 18, 24, 36, 48 et 60 p\u00e2tisseries, ainsi que des installations doubles \u00e9conomisant l\u2019espace.<\/div> <div class=\"one_fourth\">Chaque machine en acier inoxydable est fournie en un couvercle ou un couvercle \u00e0 charni\u00e8re pour couvrir le bac de graisse, un \u00e9gouttoir au choix fix\u00e9 \u00e0 gauche, \u00e0 droite ou en arri\u00e8re, un thermor\u00e9gulateur \u00e9lectronique, ainsi que deux bacs d\u2019immersions. Des mod\u00e8les d\u2019armoire de fermentation sont en outre fournis en 10 bennes.<\/div> <div class=\"one_fourth last\">Un module de nettoyage de graisse avec un r\u00e9servoir de r\u00e9ception de graisse et une pompe \u00e0 graisse, une machine des \u00e9chaud\u00e9s avec de la fixation, un bac d\u2019immersion plat, un cadre de levage, ainsi que des bennes avec des tissus molletonn\u00e9s.<\/div><div class=\"clearboth\"><\/div>\n<p class=\"p29 ft13\"><div class=\"divider_line\"><\/div>\n<div class=\"table_style\">\n<table class=\"t2\" cellspacing=\"0\" cellpadding=\"0\">\n<tbody>\n<tr>\n<td class=\"tr9 td7\"><\/td>\n<td class=\"tr9 td8\">\n<p class=\"p32 ft19\">Liste des types<\/p>\n<\/td>\n<td class=\"tr9 td9\">\n<p class=\"p33 ft20\">18 pi\u00e8ces<\/p>\n<\/td>\n<td class=\"tr9 td9\">\n<p class=\"p34 ft20\">24 pi\u00e8ces<\/p>\n<\/td>\n<td class=\"tr9 td10\">\n<p class=\"p35 ft20\">36 pi\u00e8ces<\/p>\n<\/td>\n<td class=\"tr9 td11\">\n<p class=\"p36 ft20\">48 pi\u00e8ces<\/p>\n<\/td>\n<td class=\"tr9 td10\">\n<p class=\"p36 ft20\">60 pi\u00e8ces<\/p>\n<\/td>\n<td class=\"tr9 td12\"><\/td>\n<\/tr>\n<tr>\n<td class=\"tr4 td13\"><\/td>\n<td class=\"tr4 td14\"><\/td>\n<td class=\"tr4 td15\"><\/td>\n<td class=\"tr4 td15\"><\/td>\n<td class=\"tr4 td16\"><\/td>\n<td class=\"tr4 td17\"><\/td>\n<td class=\"tr4 td16\"><\/td>\n<td class=\"tr4 td18\"><\/td>\n<\/tr>\n<tr>\n<td class=\"tr10 td13\"><\/td>\n<td class=\"tr10 td19\">Mod\u00e8le de table<\/td>\n<td class=\"tr10 td15\">\n<p class=\"p37 ft21\">TK &#8211; T00<\/p>\n<\/td>\n<td class=\"tr10 td20\">\n<p class=\"p33 ft21\">TK &#8211; T01<\/p>\n<\/td>\n<td class=\"tr10 td16\">\n<p class=\"p33 ft21\">TK &#8211; T 05<\/p>\n<\/td>\n<td class=\"tr10 td21\">\n<p class=\"p38 ft21\">TK &#8211; T 10<\/p>\n<\/td>\n<td class=\"tr10 td16\">\n<p class=\"p36 ft21\">TK &#8211; T 20<\/p>\n<\/td>\n<td class=\"tr10 td18\"><\/td>\n<\/tr>\n<tr>\n<td class=\"tr11 td13\"><\/td>\n<td class=\"tr11 td19\">\n<p class=\"p32 ft21\">Mod\u00e8le sur pieds<\/p>\n<\/td>\n<td class=\"tr11 td15\">\n<p class=\"p37 ft21\">&#8211;<\/p>\n<\/td>\n<td class=\"tr11 td20\">\n<p class=\"p33 ft21\">&#8211;<\/p>\n<\/td>\n<td class=\"tr11 td16\">\n<p class=\"p33 ft21\">TK &#8211; S 05<\/p>\n<\/td>\n<td class=\"tr11 td21\">\n<p class=\"p38 ft21\">TK &#8211; S 10<\/p>\n<\/td>\n<td class=\"tr11 td16\">\n<p class=\"p36 ft21\">TK &#8211; S 20<\/p>\n<\/td>\n<td class=\"tr11 td18\"><\/td>\n<\/tr>\n<tr>\n<td class=\"tr11 td13\"><\/td>\n<td class=\"tr11 td19\">\n<p class=\"p32 ft21\">Mod\u00e8le d&rsquo;armoire de fermentation<\/p>\n<\/td>\n<td class=\"tr11 td15\">\n<p class=\"p37 ft21\">&#8211;<\/p>\n<\/td>\n<td class=\"tr11 td20\">\n<p class=\"p33 ft21\">&#8211;<\/p>\n<\/td>\n<td class=\"tr11 td16\">\n<p class=\"p33 ft21\">TK &#8211; G 05<\/p>\n<\/td>\n<td class=\"tr11 td21\">\n<p class=\"p38 ft21\">TK &#8211; G 10<\/p>\n<\/td>\n<td class=\"tr11 td16\">\n<p class=\"p36 ft21\">TK &#8211; G 20<\/p>\n<\/td>\n<td class=\"tr11 td18\"><\/td>\n<\/tr>\n<tr>\n<td class=\"tr12 td13\"><\/td>\n<td class=\"tr12 td19\">\n<p class=\"p32 ft21\">Container de fermentation<\/p>\n<\/td>\n<td class=\"tr12 td15\">\n<p class=\"p37 ft21\">C &#8211; 00<\/p>\n<\/td>\n<td class=\"tr12 td20\">\n<p class=\"p33 ft21\">C &#8211; 01<\/p>\n<\/td>\n<td class=\"tr12 td16\">\n<p class=\"p33 ft21\">C &#8211; 05<\/p>\n<\/td>\n<td class=\"tr12 td21\">\n<p class=\"p38 ft21\">C &#8211; 10<\/p>\n<\/td>\n<td class=\"tr12 td16\">\n<p class=\"p36 ft21\">C &#8211; 20<\/p>\n<\/td>\n<td class=\"tr12 td18\"><\/td>\n<\/tr>\n<tr>\n<td class=\"tr13 td13\"><\/td>\n<td class=\"tr14 td22\"><\/td>\n<td class=\"tr14 td23\"><\/td>\n<td class=\"tr14 td24\"><\/td>\n<td class=\"tr14 td25\"><\/td>\n<td class=\"tr14 td26\"><\/td>\n<td class=\"tr13 td16\"><\/td>\n<td class=\"tr13 td18\"><\/td>\n<\/tr>\n<\/tbody>\n<\/table>\n<\/div>\n<div class=\"table_style\">\n<table class=\"t3\" cellspacing=\"0\" cellpadding=\"0\">\n<tbody>\n<tr>\n<td class=\"tr15 td27\"><\/td>\n<td class=\"tr15 td28\">\n<p class=\"p32 ft24\">Caract\u00e9ristiques techniques:<\/p>\n<\/td>\n<td class=\"tr15 td29\">\n<p class=\"p26 ft20\">TK &#8211; T00<\/p>\n<\/td>\n<td class=\"tr15 td30\">\n<p class=\"p39 ft20\">TK &#8211; T01<\/p>\n<\/td>\n<td class=\"tr15 td31\">\n<p class=\"p26 ft20\">TK &#8211; S 05<\/p>\n<\/td>\n<td class=\"tr15 td32\">\n<p class=\"p26 ft20\">TK &#8211; S 10<\/p>\n<\/td>\n<td class=\"tr15 td33\">\n<p class=\"p26 ft20\">TK &#8211; S 20<\/p>\n<\/td>\n<td class=\"tr15 td34\"><\/td>\n<td class=\"tr15 td35\"><\/td>\n<\/tr>\n<tr>\n<td class=\"tr16 td0\"><\/td>\n<td class=\"tr16 td36\"><\/td>\n<td class=\"tr16 td37\"><\/td>\n<td class=\"tr16 td38\"><\/td>\n<td class=\"tr16 td39\"><\/td>\n<td class=\"tr16 td40\"><\/td>\n<td class=\"tr16 td41\"><\/td>\n<td class=\"tr16 td42\"><\/td>\n<td class=\"tr16 td35\"><\/td>\n<\/tr>\n<tr>\n<td class=\"tr17 td43\"><\/td>\n<td class=\"tr17 td44\">\n<p class=\"p32 ft16\">Mesure de la benne<\/p>\n<\/td>\n<td class=\"tr17 td45\">\n<p class=\"p40 ft16\">30 x 50 cm<\/p>\n<\/td>\n<td class=\"tr17 td46\">\n<p class=\"p41 ft16\">40 x 50 cm<\/p>\n<\/td>\n<td class=\"tr17 td47\">\n<p class=\"p26 ft16\">58 x 58 cm<\/p>\n<\/td>\n<td class=\"tr17 td48\">\n<p class=\"p39 ft16\">58 x 78 cm<\/p>\n<\/td>\n<td class=\"tr17 td49\">\n<p class=\"p40 ft16\">58 x 98 cm<\/p>\n<\/td>\n<td class=\"tr17 td42\"><\/td>\n<td class=\"tr17 td35\"><\/td>\n<\/tr>\n<tr>\n<td class=\"tr5 td43\"><\/td>\n<td class=\"tr5 td44\"><\/td>\n<td class=\"tr5 td45\"><\/td>\n<td class=\"tr5 td46\"><\/td>\n<td class=\"tr5 td47\"><\/td>\n<td class=\"tr5 td48\"><\/td>\n<td class=\"tr5 td49\"><\/td>\n<td class=\"tr5 td42\"><\/td>\n<td class=\"tr5 td35\"><\/td>\n<\/tr>\n<tr>\n<td class=\"tr17 td0\"><\/td>\n<td class=\"tr17 td36\">\n<p class=\"p32 ft16\">Puissance horaire env.*<\/p>\n<\/td>\n<td class=\"tr17 td37\">\n<p class=\"p40 ft16\">180 St\u00fcck<\/p>\n<\/td>\n<td class=\"tr17 td38\">\n<p class=\"p41 ft16\">240 St\u00fcck<\/p>\n<\/td>\n<td class=\"tr17 td39\">\n<p class=\"p26 ft16\">360 St\u00fcck<\/p>\n<\/td>\n<td class=\"tr17 td40\">\n<p class=\"p39 ft16\">480 St\u00fcck<\/p>\n<\/td>\n<td class=\"tr17 td41\">\n<p class=\"p40 ft16\">600 St\u00fcck<\/p>\n<\/td>\n<td class=\"tr17 td42\"><\/td>\n<td class=\"tr17 td35\"><\/td>\n<\/tr>\n<tr>\n<td class=\"tr4 td0\"><\/td>\n<td class=\"tr4 td36\"><\/td>\n<td class=\"tr4 td37\"><\/td>\n<td class=\"tr4 td38\"><\/td>\n<td class=\"tr4 td39\"><\/td>\n<td class=\"tr4 td40\"><\/td>\n<td class=\"tr4 td41\"><\/td>\n<td class=\"tr4 td42\"><\/td>\n<td class=\"tr4 td35\"><\/td>\n<\/tr>\n<tr>\n<td class=\"tr8 td43\"><\/td>\n<td class=\"tr8 td44\">\n<p class=\"p32 ft16\">Largeur ferm\u00e9e<\/p>\n<\/td>\n<td class=\"tr8 td45\">\n<p class=\"p40 ft16\">675 mm<\/p>\n<\/td>\n<td class=\"tr8 td46\">\n<p class=\"p41 ft16\">675 mm<\/p>\n<\/td>\n<td class=\"tr8 td47\">\n<p class=\"p26 ft16\">865 mm<\/p>\n<\/td>\n<td class=\"tr8 td48\">\n<p class=\"p39 ft16\">1065 mm<\/p>\n<\/td>\n<td class=\"tr8 td49\">\n<p class=\"p40 ft16\">1265 mm<\/p>\n<\/td>\n<td class=\"tr8 td42\"><\/td>\n<td class=\"tr8 td35\"><\/td>\n<\/tr>\n<tr>\n<td class=\"tr5 td43\"><\/td>\n<td class=\"tr5 td44\"><\/td>\n<td class=\"tr5 td45\"><\/td>\n<td class=\"tr5 td46\"><\/td>\n<td class=\"tr5 td47\"><\/td>\n<td class=\"tr5 td48\"><\/td>\n<td class=\"tr5 td49\"><\/td>\n<td class=\"tr5 td42\"><\/td>\n<td class=\"tr5 td35\"><\/td>\n<\/tr>\n<tr>\n<td class=\"tr17 td43\"><\/td>\n<td class=\"tr17 td36\">\n<p class=\"p32 ft16\">Largeur en position de travail<\/p>\n<\/td>\n<td class=\"tr17 td37\">\n<p class=\"p40 ft16\">1210 mm<\/p>\n<\/td>\n<td class=\"tr17 td38\">\n<p class=\"p41 ft16\">1210 mm<\/p>\n<\/td>\n<td class=\"tr17 td39\">\n<p class=\"p26 ft16\">1380 mm<\/p>\n<\/td>\n<td class=\"tr17 td40\">\n<p class=\"p39 ft16\">1780 mm<\/p>\n<\/td>\n<td class=\"tr17 td41\">\n<p class=\"p40 ft16\">2180 mm<\/p>\n<\/td>\n<td class=\"tr17 td42\"><\/td>\n<td class=\"tr17 td35\"><\/td>\n<\/tr>\n<tr>\n<td class=\"tr6 td43\"><\/td>\n<td class=\"tr6 td36\"><\/td>\n<td class=\"tr6 td37\"><\/td>\n<td class=\"tr6 td38\"><\/td>\n<td class=\"tr6 td39\"><\/td>\n<td class=\"tr6 td40\"><\/td>\n<td class=\"tr6 td41\"><\/td>\n<td class=\"tr6 td42\"><\/td>\n<td class=\"tr6 td35\"><\/td>\n<\/tr>\n<tr>\n<td class=\"tr7 td43\"><\/td>\n<td class=\"tr7 td44\">\n<p class=\"p32 ft16\">\u00c9paisseur<\/p>\n<\/td>\n<td class=\"tr7 td45\">\n<p class=\"p40 ft16\">270 mm<\/p>\n<\/td>\n<td class=\"tr7 td46\">\n<p class=\"p41 ft16\">270 mm<\/p>\n<\/td>\n<td class=\"tr7 td47\">\n<p class=\"p26 ft16\">1095 mm<\/p>\n<\/td>\n<td class=\"tr7 td48\">\n<p class=\"p39 ft16\">1095 mm<\/p>\n<\/td>\n<td class=\"tr7 td49\">\n<p class=\"p40 ft16\">1095 mm<\/p>\n<\/td>\n<td class=\"tr7 td42\"><\/td>\n<td class=\"tr7 td35\"><\/td>\n<\/tr>\n<tr>\n<td class=\"tr18 td43\"><\/td>\n<td class=\"tr18 td44\"><\/td>\n<td class=\"tr18 td45\"><\/td>\n<td class=\"tr18 td46\"><\/td>\n<td class=\"tr18 td47\"><\/td>\n<td class=\"tr18 td48\"><\/td>\n<td class=\"tr18 td49\"><\/td>\n<td class=\"tr18 td42\"><\/td>\n<td class=\"tr18 td35\"><\/td>\n<\/tr>\n<tr>\n<td class=\"tr19 td43\"><\/td>\n<td class=\"tr19 td36\">\n<p class=\"p32 ft28\">Gravit\u00e9<\/p>\n<\/td>\n<td class=\"tr19 td37\">\n<p class=\"p40 ft28\">380 mm<\/p>\n<\/td>\n<td class=\"tr19 td38\">\n<p class=\"p41 ft28\">480 mm<\/p>\n<\/td>\n<td class=\"tr19 td39\">\n<p class=\"p26 ft28\">660 mm<\/p>\n<\/td>\n<td class=\"tr19 td40\">\n<p class=\"p39 ft28\">660 mm<\/p>\n<\/td>\n<td class=\"tr19 td41\">\n<p class=\"p40 ft28\">660 mm<\/p>\n<\/td>\n<td class=\"tr19 td42\"><\/td>\n<td class=\"tr19 td35\"><\/td>\n<\/tr>\n<tr>\n<td class=\"tr6 td43\"><\/td>\n<td class=\"tr6 td36\"><\/td>\n<td class=\"tr6 td37\"><\/td>\n<td class=\"tr6 td38\"><\/td>\n<td class=\"tr6 td39\"><\/td>\n<td class=\"tr6 td40\"><\/td>\n<td class=\"tr6 td41\"><\/td>\n<td class=\"tr6 td42\"><\/td>\n<td class=\"tr6 td35\"><\/td>\n<\/tr>\n<tr>\n<td class=\"tr7 td43\"><\/td>\n<td class=\"tr7 td44\">\n<p class=\"p32 ft16\">Charge de connexion enti\u00e8re<\/p>\n<\/td>\n<td class=\"tr7 td45\">\n<p class=\"p40 ft16\">3,0 kW<\/p>\n<\/td>\n<td class=\"tr7 td46\">\n<p class=\"p41 ft16\">4,5 kW<\/p>\n<\/td>\n<td class=\"tr7 td47\">\n<p class=\"p26 ft16\">6,0 kW<\/p>\n<\/td>\n<td class=\"tr7 td48\">\n<p class=\"p39 ft16\">7,5 kW<\/p>\n<\/td>\n<td class=\"tr7 td49\">\n<p class=\"p40 ft16\">9,0 kW<\/p>\n<\/td>\n<td class=\"tr7 td42\"><\/td>\n<td class=\"tr7 td35\"><\/td>\n<\/tr>\n<tr>\n<td class=\"tr18 td43\"><\/td>\n<td class=\"tr18 td44\"><\/td>\n<td class=\"tr18 td45\"><\/td>\n<td class=\"tr18 td46\"><\/td>\n<td class=\"tr18 td47\"><\/td>\n<td class=\"tr18 td48\"><\/td>\n<td class=\"tr18 td49\"><\/td>\n<td class=\"tr18 td42\"><\/td>\n<td class=\"tr18 td35\"><\/td>\n<\/tr>\n<tr>\n<td class=\"tr20 td43\"><\/td>\n<td class=\"tr20 td36\">\n<p class=\"p32 ft16\">Tension d&rsquo;alimentation<\/p>\n<\/td>\n<td class=\"tr20 td37\">\n<p class=\"p40 ft16\">230 V<\/p>\n<\/td>\n<td class=\"tr20 td38\">\n<p class=\"p41 ft16\">400 V<\/p>\n<\/td>\n<td class=\"tr20 td39\">\n<p class=\"p26 ft16\">400 V<\/p>\n<\/td>\n<td class=\"tr20 td40\">\n<p class=\"p39 ft16\">400 V<\/p>\n<\/td>\n<td class=\"tr20 td41\">\n<p class=\"p40 ft16\">400 V<\/p>\n<\/td>\n<td class=\"tr20 td42\"><\/td>\n<td class=\"tr20 td35\"><\/td>\n<\/tr>\n<tr>\n<td class=\"tr5 td50\"><\/td>\n<td class=\"tr5 td51\"><\/td>\n<td class=\"tr5 td52\"><\/td>\n<td class=\"tr5 td53\" colspan=\"2\"><\/td>\n<td class=\"tr5 td54\"><\/td>\n<td class=\"tr5 td55\"><\/td>\n<td class=\"tr5 td56\"><\/td>\n<td class=\"tr18 td35\"><\/td>\n<\/tr>\n<tr>\n<td class=\"tr8 td0\"><\/td>\n<td class=\"tr8 td36\">\n<p class=\"p37 ft15\">* en cas de 6 min. temps de cuisson<\/p>\n<\/td>\n<td class=\"tr8 td37\"><\/td>\n<td class=\"tr8 td57\" colspan=\"2\">\n<p class=\"p26 ft17\">Sous r\u00e9serve de modifications techniques.<\/p>\n<\/td>\n<td class=\"tr8 td40\"><\/td>\n<td class=\"tr8 td41\"><\/td>\n<td class=\"tr8 td42\"><\/td>\n<td class=\"tr8 td35\"><\/td>\n<\/tr>\n<\/tbody>\n<\/table>\n<\/div>\n<p><a href=\"https:\/\/www.heim-geraetebau.de\/wp-content\/uploads\/2019\/01\/JUFEBA-TK.pdf\" target=\"_blank\" rel=\"noopener\">t\u00e9l\u00e9chargement PDF<\/a><\/p>\n","protected":false},"excerpt":{"rendered":"<p>LE POLYVALENT FRITEUSE S\u00c9RIE TK Une s\u00e9rie simple et robuste pour une utilisation polyvalente Fermenter Vous pouvez fermenter les viennoiseries sur des supports de p\u00e2tons en fermentation avec des tissus &#8230;<\/p>\n","protected":false},"author":2,"featured_media":0,"parent":1612,"menu_order":2,"comment_status":"closed","ping_status":"closed","template":"template_fullwidth.php","meta":{"_exactmetrics_skip_tracking":false,"_exactmetrics_sitenote_active":false,"_exactmetrics_sitenote_note":"","_exactmetrics_sitenote_category":0,"footnotes":""},"yoast_head":"<!-- This site is optimized with the Yoast SEO plugin v22.2 - https:\/\/yoast.com\/wordpress\/plugins\/seo\/ -->\n<title>Friteuse S\u00e9rie TK - Heim Ger\u00e4tebau<\/title>\n<meta name=\"description\" content=\"Heim Ger\u00e4tebau JUFEBA friteuses pour artisanat, classe moyenne et grande entreprise\" \/>\n<meta name=\"robots\" content=\"index, follow, max-snippet:-1, max-image-preview:large, max-video-preview:-1\" \/>\n<link rel=\"canonical\" href=\"https:\/\/www.heim-geraetebau.de\/fr\/jufeba-3\/friteuses-serie-tk\/\" \/>\n<meta property=\"og:locale\" content=\"fr_FR\" \/>\n<meta property=\"og:type\" content=\"article\" \/>\n<meta property=\"og:title\" content=\"Friteuse S\u00e9rie TK - Heim Ger\u00e4tebau\" \/>\n<meta property=\"og:description\" content=\"Heim Ger\u00e4tebau JUFEBA friteuses pour artisanat, classe moyenne et grande entreprise\" \/>\n<meta property=\"og:url\" content=\"https:\/\/www.heim-geraetebau.de\/fr\/jufeba-3\/friteuses-serie-tk\/\" \/>\n<meta property=\"og:site_name\" content=\"Heim Ger\u00e4tebau\" \/>\n<meta property=\"article:modified_time\" content=\"2023-12-17T21:47:28+00:00\" \/>\n<meta property=\"og:image\" content=\"https:\/\/www.heim-geraetebau.de\/wp-content\/uploads\/2015\/01\/file_pdf.png\" \/>\n<meta name=\"twitter:card\" content=\"summary_large_image\" \/>\n<meta name=\"twitter:label1\" content=\"Dur\u00e9e de lecture estim\u00e9e\" \/>\n\t<meta name=\"twitter:data1\" content=\"3 minutes\" \/>\n<script type=\"application\/ld+json\" class=\"yoast-schema-graph\">{\"@context\":\"https:\/\/schema.org\",\"@graph\":[{\"@type\":\"WebPage\",\"@id\":\"https:\/\/www.heim-geraetebau.de\/fr\/jufeba-3\/friteuses-serie-tk\/\",\"url\":\"https:\/\/www.heim-geraetebau.de\/fr\/jufeba-3\/friteuses-serie-tk\/\",\"name\":\"Friteuse S\u00e9rie TK - Heim Ger\u00e4tebau\",\"isPartOf\":{\"@id\":\"https:\/\/www.heim-geraetebau.de\/fr\/#website\"},\"primaryImageOfPage\":{\"@id\":\"https:\/\/www.heim-geraetebau.de\/fr\/jufeba-3\/friteuses-serie-tk\/#primaryimage\"},\"image\":{\"@id\":\"https:\/\/www.heim-geraetebau.de\/fr\/jufeba-3\/friteuses-serie-tk\/#primaryimage\"},\"thumbnailUrl\":\"https:\/\/www.heim-geraetebau.de\/wp-content\/uploads\/2015\/01\/file_pdf.png\",\"datePublished\":\"2015-02-23T17:38:33+00:00\",\"dateModified\":\"2023-12-17T21:47:28+00:00\",\"description\":\"Heim Ger\u00e4tebau JUFEBA friteuses pour artisanat, classe moyenne et grande entreprise\",\"inLanguage\":\"fr-FR\",\"potentialAction\":[{\"@type\":\"ReadAction\",\"target\":[\"https:\/\/www.heim-geraetebau.de\/fr\/jufeba-3\/friteuses-serie-tk\/\"]}]},{\"@type\":\"ImageObject\",\"inLanguage\":\"fr-FR\",\"@id\":\"https:\/\/www.heim-geraetebau.de\/fr\/jufeba-3\/friteuses-serie-tk\/#primaryimage\",\"url\":\"https:\/\/www.heim-geraetebau.de\/wp-content\/uploads\/2015\/01\/file_pdf.png\",\"contentUrl\":\"https:\/\/www.heim-geraetebau.de\/wp-content\/uploads\/2015\/01\/file_pdf.png\",\"width\":48,\"height\":48},{\"@type\":\"WebSite\",\"@id\":\"https:\/\/www.heim-geraetebau.de\/fr\/#website\",\"url\":\"https:\/\/www.heim-geraetebau.de\/fr\/\",\"name\":\"JUFEBA\",\"description\":\"\",\"potentialAction\":[{\"@type\":\"SearchAction\",\"target\":{\"@type\":\"EntryPoint\",\"urlTemplate\":\"https:\/\/www.heim-geraetebau.de\/fr\/?s={search_term_string}\"},\"query-input\":\"required name=search_term_string\"}],\"inLanguage\":\"fr-FR\"}]}<\/script>\n<!-- \/ Yoast SEO plugin. -->","yoast_head_json":{"title":"Friteuse S\u00e9rie TK - Heim Ger\u00e4tebau","description":"Heim Ger\u00e4tebau JUFEBA friteuses pour artisanat, classe moyenne et grande entreprise","robots":{"index":"index","follow":"follow","max-snippet":"max-snippet:-1","max-image-preview":"max-image-preview:large","max-video-preview":"max-video-preview:-1"},"canonical":"https:\/\/www.heim-geraetebau.de\/fr\/jufeba-3\/friteuses-serie-tk\/","og_locale":"fr_FR","og_type":"article","og_title":"Friteuse S\u00e9rie TK - Heim Ger\u00e4tebau","og_description":"Heim Ger\u00e4tebau JUFEBA friteuses pour artisanat, classe moyenne et grande entreprise","og_url":"https:\/\/www.heim-geraetebau.de\/fr\/jufeba-3\/friteuses-serie-tk\/","og_site_name":"Heim Ger\u00e4tebau","article_modified_time":"2023-12-17T21:47:28+00:00","og_image":[{"url":"https:\/\/www.heim-geraetebau.de\/wp-content\/uploads\/2015\/01\/file_pdf.png"}],"twitter_card":"summary_large_image","twitter_misc":{"Dur\u00e9e de lecture estim\u00e9e":"3 minutes"},"schema":{"@context":"https:\/\/schema.org","@graph":[{"@type":"WebPage","@id":"https:\/\/www.heim-geraetebau.de\/fr\/jufeba-3\/friteuses-serie-tk\/","url":"https:\/\/www.heim-geraetebau.de\/fr\/jufeba-3\/friteuses-serie-tk\/","name":"Friteuse S\u00e9rie TK - Heim Ger\u00e4tebau","isPartOf":{"@id":"https:\/\/www.heim-geraetebau.de\/fr\/#website"},"primaryImageOfPage":{"@id":"https:\/\/www.heim-geraetebau.de\/fr\/jufeba-3\/friteuses-serie-tk\/#primaryimage"},"image":{"@id":"https:\/\/www.heim-geraetebau.de\/fr\/jufeba-3\/friteuses-serie-tk\/#primaryimage"},"thumbnailUrl":"https:\/\/www.heim-geraetebau.de\/wp-content\/uploads\/2015\/01\/file_pdf.png","datePublished":"2015-02-23T17:38:33+00:00","dateModified":"2023-12-17T21:47:28+00:00","description":"Heim Ger\u00e4tebau JUFEBA friteuses pour artisanat, classe moyenne et grande entreprise","inLanguage":"fr-FR","potentialAction":[{"@type":"ReadAction","target":["https:\/\/www.heim-geraetebau.de\/fr\/jufeba-3\/friteuses-serie-tk\/"]}]},{"@type":"ImageObject","inLanguage":"fr-FR","@id":"https:\/\/www.heim-geraetebau.de\/fr\/jufeba-3\/friteuses-serie-tk\/#primaryimage","url":"https:\/\/www.heim-geraetebau.de\/wp-content\/uploads\/2015\/01\/file_pdf.png","contentUrl":"https:\/\/www.heim-geraetebau.de\/wp-content\/uploads\/2015\/01\/file_pdf.png","width":48,"height":48},{"@type":"WebSite","@id":"https:\/\/www.heim-geraetebau.de\/fr\/#website","url":"https:\/\/www.heim-geraetebau.de\/fr\/","name":"JUFEBA","description":"","potentialAction":[{"@type":"SearchAction","target":{"@type":"EntryPoint","urlTemplate":"https:\/\/www.heim-geraetebau.de\/fr\/?s={search_term_string}"},"query-input":"required name=search_term_string"}],"inLanguage":"fr-FR"}]}},"_links":{"self":[{"href":"https:\/\/www.heim-geraetebau.de\/fr\/wp-json\/wp\/v2\/pages\/1674"}],"collection":[{"href":"https:\/\/www.heim-geraetebau.de\/fr\/wp-json\/wp\/v2\/pages"}],"about":[{"href":"https:\/\/www.heim-geraetebau.de\/fr\/wp-json\/wp\/v2\/types\/page"}],"author":[{"embeddable":true,"href":"https:\/\/www.heim-geraetebau.de\/fr\/wp-json\/wp\/v2\/users\/2"}],"replies":[{"embeddable":true,"href":"https:\/\/www.heim-geraetebau.de\/fr\/wp-json\/wp\/v2\/comments?post=1674"}],"version-history":[{"count":2,"href":"https:\/\/www.heim-geraetebau.de\/fr\/wp-json\/wp\/v2\/pages\/1674\/revisions"}],"predecessor-version":[{"id":3658,"href":"https:\/\/www.heim-geraetebau.de\/fr\/wp-json\/wp\/v2\/pages\/1674\/revisions\/3658"}],"up":[{"embeddable":true,"href":"https:\/\/www.heim-geraetebau.de\/fr\/wp-json\/wp\/v2\/pages\/1612"}],"wp:attachment":[{"href":"https:\/\/www.heim-geraetebau.de\/fr\/wp-json\/wp\/v2\/media?parent=1674"}],"curies":[{"name":"wp","href":"https:\/\/api.w.org\/{rel}","templated":true}]}}