{"id":1664,"date":"2014-12-01T13:20:51","date_gmt":"2014-12-01T12:20:51","guid":{"rendered":"http:\/\/www.jufeba.de\/?page_id=1664"},"modified":"2022-11-09T22:24:24","modified_gmt":"2022-11-09T21:24:24","slug":"video-vsd-6","status":"publish","type":"page","link":"https:\/\/www.heim-geraetebau.de\/fr\/jufeba-3\/systeme-automatique-de-beignets\/video-vsd-6\/","title":{"rendered":"Vid\u00e9o USD2-8"},"content":{"rendered":"<h3 style=\"text-align: center;\"><span style=\"color: #000080;\">Ligne de friteuse \u00e0 beignets S\u00e9rie USD2<br \/>\n<\/span><\/h3>\n<p style=\"text-align: center;\"><div class=\"lyte-wrapper\" title=\"JUFEBA Fettbacklinie Serie USD2 \/ VSD2\" style=\"width:853px;max-width:100%;margin:5px auto;\"><div class=\"lyMe hidef\" id=\"WYL_s6gyw4z6ksI\" itemprop=\"video\" itemscope itemtype=\"https:\/\/schema.org\/VideoObject\"><div><meta itemprop=\"thumbnailUrl\" content=\"https:\/\/www.heim-geraetebau.de\/wp-content\/plugins\/wp-youtube-lyte\/lyteCache.php?origThumbUrl=https%3A%2F%2Fi.ytimg.com%2Fvi%2Fs6gyw4z6ksI%2Fmaxresdefault.jpg\" \/><meta itemprop=\"embedURL\" content=\"https:\/\/www.youtube.com\/embed\/s6gyw4z6ksI\" \/><meta itemprop=\"duration\" content=\"PT4M41S\" \/><meta itemprop=\"uploadDate\" content=\"2022-11-04T17:42:14Z\" \/><\/div><div id=\"lyte_s6gyw4z6ksI\" data-src=\"https:\/\/www.heim-geraetebau.de\/wp-content\/plugins\/wp-youtube-lyte\/lyteCache.php?origThumbUrl=https%3A%2F%2Fi.ytimg.com%2Fvi%2Fs6gyw4z6ksI%2Fmaxresdefault.jpg\" class=\"pL\"><div class=\"tC\"><div class=\"tT\" itemprop=\"name\">JUFEBA Fettbacklinie Serie USD2 \/ VSD2<\/div><\/div><div class=\"play\"><\/div><div class=\"ctrl\"><div class=\"Lctrl\"><\/div><div class=\"Rctrl\"><\/div><\/div><\/div><noscript><a href=\"https:\/\/youtu.be\/s6gyw4z6ksI\" rel=\"nofollow\"><img fetchpriority=\"high\" decoding=\"async\" src=\"https:\/\/www.heim-geraetebau.de\/wp-content\/plugins\/wp-youtube-lyte\/lyteCache.php?origThumbUrl=https%3A%2F%2Fi.ytimg.com%2Fvi%2Fs6gyw4z6ksI%2F0.jpg\" alt=\"JUFEBA Fettbacklinie Serie USD2 \/ VSD2\" width=\"853\" height=\"460\" \/><br \/>Lire cette vid\u00e9o sur YouTube<\/a><\/noscript><meta itemprop=\"description\" content=\"JUFEBA Siedebacklinie Serie USD2 \/ VSD2 zum Siedebacken von Berlinern etc. JUFEBA Donut Fryer Line Series USD2 \/ VSD2 for Making Donuts etc. mehr Info unter www.jufeba.de \/ more info see www.jufeba.com\"><\/div><\/div><div class=\"lL\" style=\"max-width:100%;width:853px;margin:5px auto;\"><br\/><span class=\"lyte_disclaimer\">Ich bin damit einverstanden, dass mir externe Inhalte angezeigt werden. Personenbezogene Daten k\u00f6nnen an Drittanbieter \u00fcbermittelt werden. Mehr dazu in unserer <a title=\"Datenschutzerkl\u00e4rung\" href=\"https:\/\/www.heim-geraetebau.de\/jufeba\/Datenschutzerklaerung\/\">Datenschutzerkl\u00e4rung<\/a>. I consent to external content being displayed to me. Personal data can be transmitted to third parties. Read more about our <a title=\"Data privacy statement\" href=\"https:\/\/www.heim-geraetebau.de\/en\/datenschutz\/\">Data privacy statement<\/a>.<\/span><\/div><\/p>\n","protected":false},"excerpt":{"rendered":"<p>Ligne de friteuse \u00e0 beignets S\u00e9rie USD2<\/p>\n","protected":false},"author":2,"featured_media":0,"parent":1654,"menu_order":0,"comment_status":"closed","ping_status":"closed","template":"template_fullwidth.php","meta":{"_exactmetrics_skip_tracking":false,"_exactmetrics_sitenote_active":false,"_exactmetrics_sitenote_note":"","_exactmetrics_sitenote_category":0,"footnotes":""},"yoast_head":"<!-- This site is optimized with the Yoast SEO plugin v22.2 - https:\/\/yoast.com\/wordpress\/plugins\/seo\/ -->\n<title>Vid\u00e9o USD2-8 - Heim Ger\u00e4tebau<\/title>\n<meta name=\"robots\" content=\"index, follow, max-snippet:-1, max-image-preview:large, max-video-preview:-1\" \/>\n<link rel=\"canonical\" href=\"https:\/\/www.heim-geraetebau.de\/fr\/jufeba-3\/systeme-automatique-de-beignets\/video-vsd-6\/\" \/>\n<meta property=\"og:locale\" content=\"fr_FR\" \/>\n<meta property=\"og:type\" content=\"article\" \/>\n<meta property=\"og:title\" content=\"Vid\u00e9o USD2-8 - Heim Ger\u00e4tebau\" \/>\n<meta property=\"og:description\" content=\"Ligne de friteuse \u00e0 beignets S\u00e9rie USD2\" \/>\n<meta property=\"og:url\" content=\"https:\/\/www.heim-geraetebau.de\/fr\/jufeba-3\/systeme-automatique-de-beignets\/video-vsd-6\/\" \/>\n<meta property=\"og:site_name\" content=\"Heim Ger\u00e4tebau\" \/>\n<meta property=\"article:modified_time\" content=\"2022-11-09T21:24:24+00:00\" \/>\n<meta name=\"twitter:card\" content=\"summary_large_image\" \/>\n<meta name=\"twitter:label1\" content=\"Dur\u00e9e de lecture estim\u00e9e\" \/>\n\t<meta name=\"twitter:data1\" content=\"1 minute\" \/>\n<script type=\"application\/ld+json\" class=\"yoast-schema-graph\">{\"@context\":\"https:\/\/schema.org\",\"@graph\":[{\"@type\":\"WebPage\",\"@id\":\"https:\/\/www.heim-geraetebau.de\/fr\/jufeba-3\/systeme-automatique-de-beignets\/video-vsd-6\/\",\"url\":\"https:\/\/www.heim-geraetebau.de\/fr\/jufeba-3\/systeme-automatique-de-beignets\/video-vsd-6\/\",\"name\":\"Vid\u00e9o USD2-8 - Heim Ger\u00e4tebau\",\"isPartOf\":{\"@id\":\"https:\/\/www.heim-geraetebau.de\/fr\/#website\"},\"datePublished\":\"2014-12-01T12:20:51+00:00\",\"dateModified\":\"2022-11-09T21:24:24+00:00\",\"inLanguage\":\"fr-FR\",\"potentialAction\":[{\"@type\":\"ReadAction\",\"target\":[\"https:\/\/www.heim-geraetebau.de\/fr\/jufeba-3\/systeme-automatique-de-beignets\/video-vsd-6\/\"]}]},{\"@type\":\"WebSite\",\"@id\":\"https:\/\/www.heim-geraetebau.de\/fr\/#website\",\"url\":\"https:\/\/www.heim-geraetebau.de\/fr\/\",\"name\":\"JUFEBA\",\"description\":\"\",\"potentialAction\":[{\"@type\":\"SearchAction\",\"target\":{\"@type\":\"EntryPoint\",\"urlTemplate\":\"https:\/\/www.heim-geraetebau.de\/fr\/?s={search_term_string}\"},\"query-input\":\"required name=search_term_string\"}],\"inLanguage\":\"fr-FR\"}]}<\/script>\n<!-- \/ Yoast SEO plugin. -->","yoast_head_json":{"title":"Vid\u00e9o USD2-8 - Heim Ger\u00e4tebau","robots":{"index":"index","follow":"follow","max-snippet":"max-snippet:-1","max-image-preview":"max-image-preview:large","max-video-preview":"max-video-preview:-1"},"canonical":"https:\/\/www.heim-geraetebau.de\/fr\/jufeba-3\/systeme-automatique-de-beignets\/video-vsd-6\/","og_locale":"fr_FR","og_type":"article","og_title":"Vid\u00e9o USD2-8 - Heim Ger\u00e4tebau","og_description":"Ligne de friteuse \u00e0 beignets S\u00e9rie USD2","og_url":"https:\/\/www.heim-geraetebau.de\/fr\/jufeba-3\/systeme-automatique-de-beignets\/video-vsd-6\/","og_site_name":"Heim Ger\u00e4tebau","article_modified_time":"2022-11-09T21:24:24+00:00","twitter_card":"summary_large_image","twitter_misc":{"Dur\u00e9e de lecture estim\u00e9e":"1 minute"},"schema":{"@context":"https:\/\/schema.org","@graph":[{"@type":"WebPage","@id":"https:\/\/www.heim-geraetebau.de\/fr\/jufeba-3\/systeme-automatique-de-beignets\/video-vsd-6\/","url":"https:\/\/www.heim-geraetebau.de\/fr\/jufeba-3\/systeme-automatique-de-beignets\/video-vsd-6\/","name":"Vid\u00e9o USD2-8 - Heim Ger\u00e4tebau","isPartOf":{"@id":"https:\/\/www.heim-geraetebau.de\/fr\/#website"},"datePublished":"2014-12-01T12:20:51+00:00","dateModified":"2022-11-09T21:24:24+00:00","inLanguage":"fr-FR","potentialAction":[{"@type":"ReadAction","target":["https:\/\/www.heim-geraetebau.de\/fr\/jufeba-3\/systeme-automatique-de-beignets\/video-vsd-6\/"]}]},{"@type":"WebSite","@id":"https:\/\/www.heim-geraetebau.de\/fr\/#website","url":"https:\/\/www.heim-geraetebau.de\/fr\/","name":"JUFEBA","description":"","potentialAction":[{"@type":"SearchAction","target":{"@type":"EntryPoint","urlTemplate":"https:\/\/www.heim-geraetebau.de\/fr\/?s={search_term_string}"},"query-input":"required name=search_term_string"}],"inLanguage":"fr-FR"}]}},"_links":{"self":[{"href":"https:\/\/www.heim-geraetebau.de\/fr\/wp-json\/wp\/v2\/pages\/1664"}],"collection":[{"href":"https:\/\/www.heim-geraetebau.de\/fr\/wp-json\/wp\/v2\/pages"}],"about":[{"href":"https:\/\/www.heim-geraetebau.de\/fr\/wp-json\/wp\/v2\/types\/page"}],"author":[{"embeddable":true,"href":"https:\/\/www.heim-geraetebau.de\/fr\/wp-json\/wp\/v2\/users\/2"}],"replies":[{"embeddable":true,"href":"https:\/\/www.heim-geraetebau.de\/fr\/wp-json\/wp\/v2\/comments?post=1664"}],"version-history":[{"count":5,"href":"https:\/\/www.heim-geraetebau.de\/fr\/wp-json\/wp\/v2\/pages\/1664\/revisions"}],"predecessor-version":[{"id":3465,"href":"https:\/\/www.heim-geraetebau.de\/fr\/wp-json\/wp\/v2\/pages\/1664\/revisions\/3465"}],"up":[{"embeddable":true,"href":"https:\/\/www.heim-geraetebau.de\/fr\/wp-json\/wp\/v2\/pages\/1654"}],"wp:attachment":[{"href":"https:\/\/www.heim-geraetebau.de\/fr\/wp-json\/wp\/v2\/media?parent=1664"}],"curies":[{"name":"wp","href":"https:\/\/api.w.org\/{rel}","templated":true}]}}