{"id":1612,"date":"2014-11-20T14:09:52","date_gmt":"2014-11-20T13:09:52","guid":{"rendered":"http:\/\/www.jufeba.de\/?page_id=1612"},"modified":"2022-11-12T15:08:35","modified_gmt":"2022-11-12T14:08:35","slug":"jufeba-3","status":"publish","type":"page","link":"https:\/\/www.heim-geraetebau.de\/fr\/","title":{"rendered":"JUFEBA"},"content":{"rendered":"<p>Depuis plus de 50 ans Heim Ger\u00e4tebau GmbH &amp; Co. KG offre une grosse section de produits dans le domaine de la technique de boulangerie avec la marque JUFEBA.<\/p>\n<p>L&rsquo;accent est la technique de bouillir avec des s\u00e9ries des produits diverses. Les s\u00e9ries contiennent tant des friteuses manuelles, que des machines de bouillir automatiques. Il y a des syst\u00e8mes de table ou des appareils sur pieds avec ou sans espace de fermentation, des appareils compacts de contr\u00f4le informatique et des friteuses productives, ainsi que des d\u00e9pendances vastes comme les filtres \u00e0 graisse et les remplisseurs des p\u00e2tisseries. Nous pr\u00e9senterons la nouvelle g\u00e9n\u00e9ration de nos machines \u00e0 nos clients et aux parties int\u00e9ress\u00e9es au salon iba \u00e0 Munich ou \u00e0 S\u00fcdback \u00e0 Stuttgart.<\/p>\n\n\t\t<!-- MasterSlider -->\n\t\t<div id=\"P_MS69e5998a4f2ef\" class=\"master-slider-parent msl ms-parent-id-1\" style=\"max-width:1000px;\">\n\n\t\t\t\n\t\t\t<!-- MasterSlider Main -->\n\t\t\t<div id=\"MS69e5998a4f2ef\" class=\"master-slider ms-skin-default\" >\n\t\t\t\t \t\t\t\t \n\t\t\t\t<div  class=\"ms-slide\" data-delay=\"3\" data-fill-mode=\"fill\"  >\n\t\t\t\t\t<img decoding=\"async\" src=\"https:\/\/www.heim-geraetebau.de\/wp-content\/plugins\/master-slider\/public\/assets\/css\/blank.gif\" alt=\"\" title=\"\" data-src=\"https:\/\/www.heim-geraetebau.de\/wp-content\/uploads\/2014\/11\/Berliner1.jpg\" \/>\n\n\n\t<div class=\"ms-thumb\" ><div class=\"ms-tab-context\"><div class=&quot;ms-tab-context&quot;><\/div><\/div>\n<\/div>\n\t\t\t\t<\/div>\n\t\t\t\t<div  class=\"ms-slide\" data-delay=\"3\" data-fill-mode=\"fill\"  >\n\t\t\t\t\t<img decoding=\"async\" src=\"https:\/\/www.heim-geraetebau.de\/wp-content\/plugins\/master-slider\/public\/assets\/css\/blank.gif\" alt=\"\" title=\"\" data-src=\"https:\/\/www.heim-geraetebau.de\/wp-content\/uploads\/2014\/11\/DSC_00971.jpg\" \/>\n\n\n\t<div class=\"ms-thumb\" ><div class=\"ms-tab-context\"><div class=&quot;ms-tab-context&quot;><\/div><\/div>\n<\/div>\n\t\t\t\t<\/div>\n\t\t\t\t<div  class=\"ms-slide\" data-delay=\"3\" data-fill-mode=\"fill\"  >\n\t\t\t\t\t<img decoding=\"async\" src=\"https:\/\/www.heim-geraetebau.de\/wp-content\/plugins\/master-slider\/public\/assets\/css\/blank.gif\" alt=\"\" title=\"\" data-src=\"https:\/\/www.heim-geraetebau.de\/wp-content\/uploads\/2014\/11\/SN-0431.jpg\" \/>\n\n\n\t<div class=\"ms-thumb\" ><div class=\"ms-tab-context\"><div class=&quot;ms-tab-context&quot;><\/div><\/div>\n<\/div>\n\t\t\t\t<\/div>\n\t\t\t\t<div  class=\"ms-slide\" data-delay=\"3\" data-fill-mode=\"fill\"  >\n\t\t\t\t\t<img decoding=\"async\" src=\"https:\/\/www.heim-geraetebau.de\/wp-content\/plugins\/master-slider\/public\/assets\/css\/blank.gif\" alt=\"\" title=\"\" data-src=\"https:\/\/www.heim-geraetebau.de\/wp-content\/uploads\/2014\/11\/KK-Betrieb-0031.jpg\" \/>\n\n\n\t<div class=\"ms-thumb\" ><div class=\"ms-tab-context\"><div class=&quot;ms-tab-context&quot;><\/div><\/div>\n<\/div>\n\t\t\t\t<\/div>\n\t\t\t\t<div  class=\"ms-slide\" data-delay=\"3\" data-fill-mode=\"fill\"  >\n\t\t\t\t\t<img decoding=\"async\" src=\"https:\/\/www.heim-geraetebau.de\/wp-content\/plugins\/master-slider\/public\/assets\/css\/blank.gif\" alt=\"\" title=\"\" data-src=\"https:\/\/www.heim-geraetebau.de\/wp-content\/uploads\/2014\/11\/wer-0451.jpg\" \/>\n\n\n\t<div class=\"ms-thumb\" ><div class=\"ms-tab-context\"><div class=&quot;ms-tab-context&quot;><\/div><\/div>\n<\/div>\n\t\t\t\t<\/div>\n\t\t\t\t<div  class=\"ms-slide\" data-delay=\"3\" data-fill-mode=\"stretch\"  >\n\t\t\t\t\t<img decoding=\"async\" src=\"https:\/\/www.heim-geraetebau.de\/wp-content\/plugins\/master-slider\/public\/assets\/css\/blank.gif\" alt=\"\" title=\"\" data-src=\"https:\/\/www.heim-geraetebau.de\/wp-content\/uploads\/2022\/11\/temp-0261-150x150-1.jpg\" \/>\n\n\n\t<div class=\"ms-thumb\" ><div class=\"ms-tab-context\"><div class=&quot;ms-tab-context&quot;><\/div><\/div>\n<\/div>\n\t\t\t\t<\/div>\n\t\t\t\t<div  class=\"ms-slide\" data-delay=\"3\" data-fill-mode=\"fill\"  >\n\t\t\t\t\t<img decoding=\"async\" src=\"https:\/\/www.heim-geraetebau.de\/wp-content\/plugins\/master-slider\/public\/assets\/css\/blank.gif\" alt=\"\" title=\"\" data-src=\"https:\/\/www.heim-geraetebau.de\/wp-content\/uploads\/2014\/11\/garen1.jpg\" \/>\n\n\n\t<div class=\"ms-thumb\" ><div class=\"ms-tab-context\"><div class=&quot;ms-tab-context&quot;><\/div><\/div>\n<\/div>\n\t\t\t\t<\/div>\n\t\t\t\t<div  class=\"ms-slide\" data-delay=\"3\" data-fill-mode=\"fill\"  >\n\t\t\t\t\t<img decoding=\"async\" src=\"https:\/\/www.heim-geraetebau.de\/wp-content\/plugins\/master-slider\/public\/assets\/css\/blank.gif\" alt=\"\" title=\"\" data-src=\"https:\/\/www.heim-geraetebau.de\/wp-content\/uploads\/2014\/11\/wer-0441.jpg\" \/>\n\n\n\t<div class=\"ms-thumb\" ><div class=\"ms-tab-context\"><div class=&quot;ms-tab-context&quot;><\/div><\/div>\n<\/div>\n\t\t\t\t<\/div>\n\t\t\t\t<div  class=\"ms-slide\" data-delay=\"3\" data-fill-mode=\"fill\"  >\n\t\t\t\t\t<img decoding=\"async\" src=\"https:\/\/www.heim-geraetebau.de\/wp-content\/plugins\/master-slider\/public\/assets\/css\/blank.gif\" alt=\"\" title=\"\" data-src=\"https:\/\/www.heim-geraetebau.de\/wp-content\/uploads\/2014\/11\/Bild51.jpg\" \/>\n\n\n\t<div class=\"ms-thumb\" ><div class=\"ms-tab-context\"><div class=&quot;ms-tab-context&quot;><\/div><\/div>\n<\/div>\n\t\t\t\t<\/div>\n\t\t\t\t<div  class=\"ms-slide\" data-delay=\"3\" data-fill-mode=\"fill\"  >\n\t\t\t\t\t<img decoding=\"async\" src=\"https:\/\/www.heim-geraetebau.de\/wp-content\/plugins\/master-slider\/public\/assets\/css\/blank.gif\" alt=\"\" title=\"\" data-src=\"https:\/\/www.heim-geraetebau.de\/wp-content\/uploads\/2014\/11\/TK-3-Backen1.jpg\" \/>\n\n\n\t<div class=\"ms-thumb\" ><div class=\"ms-tab-context\"><div class=&quot;ms-tab-context&quot;><\/div><\/div>\n<\/div>\n\t\t\t\t<\/div>\n\t\t\t\t<div  class=\"ms-slide\" data-delay=\"3\" data-fill-mode=\"fill\"  >\n\t\t\t\t\t<img decoding=\"async\" src=\"https:\/\/www.heim-geraetebau.de\/wp-content\/plugins\/master-slider\/public\/assets\/css\/blank.gif\" alt=\"\" title=\"\" data-src=\"https:\/\/www.heim-geraetebau.de\/wp-content\/uploads\/2022\/11\/Quarkbaellchen1.jpg\" \/>\n\n\n\t<div class=\"ms-thumb\" ><div class=\"ms-tab-context\"><div class=&quot;ms-tab-context&quot;><\/div><\/div>\n<\/div>\n\t\t\t\t<\/div>\n\t\t\t\t<div  class=\"ms-slide\" data-delay=\"3\" data-fill-mode=\"fill\"  >\n\t\t\t\t\t<img decoding=\"async\" src=\"https:\/\/www.heim-geraetebau.de\/wp-content\/plugins\/master-slider\/public\/assets\/css\/blank.gif\" alt=\"\" title=\"\" data-src=\"https:\/\/www.heim-geraetebau.de\/wp-content\/uploads\/2014\/11\/Internorga-09-0081.jpg\" \/>\n\n\n\t<div class=\"ms-thumb\" ><div class=\"ms-tab-context\"><div class=&quot;ms-tab-context&quot;><\/div><\/div>\n<\/div>\n\t\t\t\t<\/div>\n\t\t\t\t<div  class=\"ms-slide\" data-delay=\"3\" data-fill-mode=\"fill\"  >\n\t\t\t\t\t<img decoding=\"async\" src=\"https:\/\/www.heim-geraetebau.de\/wp-content\/plugins\/master-slider\/public\/assets\/css\/blank.gif\" alt=\"\" title=\"\" data-src=\"https:\/\/www.heim-geraetebau.de\/wp-content\/uploads\/2014\/11\/Spritzkuchen-011.jpg\" \/>\n\n\n\t<div class=\"ms-thumb\" ><div class=\"ms-tab-context\"><div class=&quot;ms-tab-context&quot;><\/div><\/div>\n<\/div>\n\t\t\t\t<\/div>\n\t\t\t\t<div  class=\"ms-slide\" data-delay=\"3\" data-fill-mode=\"fill\"  >\n\t\t\t\t\t<img decoding=\"async\" src=\"https:\/\/www.heim-geraetebau.de\/wp-content\/plugins\/master-slider\/public\/assets\/css\/blank.gif\" alt=\"\" title=\"\" data-src=\"https:\/\/www.heim-geraetebau.de\/wp-content\/uploads\/2014\/11\/KK-Betrieb-0111.jpg\" \/>\n\n\n\t<div class=\"ms-thumb\" ><div class=\"ms-tab-context\"><div class=&quot;ms-tab-context&quot;><\/div><\/div>\n<\/div>\n\t\t\t\t<\/div>\n\t\t\t\t<div  class=\"ms-slide\" data-delay=\"3\" data-fill-mode=\"fill\"  >\n\t\t\t\t\t<img decoding=\"async\" src=\"https:\/\/www.heim-geraetebau.de\/wp-content\/plugins\/master-slider\/public\/assets\/css\/blank.gif\" alt=\"\" title=\"\" data-src=\"https:\/\/www.heim-geraetebau.de\/wp-content\/uploads\/2014\/11\/Kippkasten1.jpg\" \/>\n\n\n\t<div class=\"ms-thumb\" ><div class=\"ms-tab-context\"><div class=&quot;ms-tab-context&quot;><\/div><\/div>\n<\/div>\n\t\t\t\t<\/div>\n\t\t\t\t<div  class=\"ms-slide\" data-delay=\"3\" data-fill-mode=\"fill\"  >\n\t\t\t\t\t<img decoding=\"async\" src=\"https:\/\/www.heim-geraetebau.de\/wp-content\/plugins\/master-slider\/public\/assets\/css\/blank.gif\" alt=\"\" title=\"\" data-src=\"https:\/\/www.heim-geraetebau.de\/wp-content\/uploads\/2014\/11\/DSC_02331.jpg\" \/>\n\n\n\t<div class=\"ms-thumb\" ><div class=\"ms-tab-context\"><div class=&quot;ms-tab-context&quot;><\/div><\/div>\n<\/div>\n\t\t\t\t<\/div>\n\t\t\t\t<div  class=\"ms-slide\" data-delay=\"3\" data-fill-mode=\"fill\"  >\n\t\t\t\t\t<img decoding=\"async\" src=\"https:\/\/www.heim-geraetebau.de\/wp-content\/plugins\/master-slider\/public\/assets\/css\/blank.gif\" alt=\"\" title=\"\" data-src=\"https:\/\/www.heim-geraetebau.de\/wp-content\/uploads\/2014\/11\/SN-0361.jpg\" \/>\n\n\n\t<div class=\"ms-thumb\" ><div class=\"ms-tab-context\"><div class=&quot;ms-tab-context&quot;><\/div><\/div>\n<\/div>\n\t\t\t\t<\/div>\n\t\t\t\t<div  class=\"ms-slide\" data-delay=\"3\" data-fill-mode=\"fill\"  >\n\t\t\t\t\t<img decoding=\"async\" src=\"https:\/\/www.heim-geraetebau.de\/wp-content\/plugins\/master-slider\/public\/assets\/css\/blank.gif\" alt=\"\" title=\"\" data-src=\"https:\/\/www.heim-geraetebau.de\/wp-content\/uploads\/2014\/11\/Internorga-09-0241.jpg\" \/>\n\n\n\t<div class=\"ms-thumb\" ><div class=\"ms-tab-context\"><div class=&quot;ms-tab-context&quot;><\/div><\/div>\n<\/div>\n\t\t\t\t<\/div>\n\t\t\t\t<div  class=\"ms-slide\" data-delay=\"3\" data-fill-mode=\"fill\"  >\n\t\t\t\t\t<img decoding=\"async\" src=\"https:\/\/www.heim-geraetebau.de\/wp-content\/plugins\/master-slider\/public\/assets\/css\/blank.gif\" alt=\"\" title=\"\" data-src=\"https:\/\/www.heim-geraetebau.de\/wp-content\/uploads\/2014\/11\/WWA-3-Backen1.jpg\" \/>\n\n\n\t<div class=\"ms-thumb\" ><div class=\"ms-tab-context\"><div class=&quot;ms-tab-context&quot;><\/div><\/div>\n<\/div>\n\t\t\t\t<\/div>\n\t\t\t\t<div  class=\"ms-slide\" data-delay=\"3\" data-fill-mode=\"fill\"  >\n\t\t\t\t\t<img decoding=\"async\" src=\"https:\/\/www.heim-geraetebau.de\/wp-content\/plugins\/master-slider\/public\/assets\/css\/blank.gif\" alt=\"\" title=\"\" data-src=\"https:\/\/www.heim-geraetebau.de\/wp-content\/uploads\/2014\/11\/Internorga-09-0361.jpg\" \/>\n\n\n\t<div class=\"ms-thumb\" ><div class=\"ms-tab-context\"><div class=&quot;ms-tab-context&quot;><\/div><\/div>\n<\/div>\n\t\t\t\t<\/div>\n\t\t\t\t<div  class=\"ms-slide\" data-delay=\"3\" data-fill-mode=\"fill\"  >\n\t\t\t\t\t<img decoding=\"async\" src=\"https:\/\/www.heim-geraetebau.de\/wp-content\/plugins\/master-slider\/public\/assets\/css\/blank.gif\" alt=\"\" title=\"\" data-src=\"https:\/\/www.heim-geraetebau.de\/wp-content\/uploads\/2022\/11\/16.jpg\" \/>\n\n\n\t<div class=\"ms-thumb\" ><div class=\"ms-tab-context\"><div class=&quot;ms-tab-context&quot;><\/div><\/div>\n<\/div>\n\t\t\t\t<\/div>\n\t\t\t\t<div  class=\"ms-slide\" data-delay=\"3\" data-fill-mode=\"fill\"  >\n\t\t\t\t\t<img decoding=\"async\" src=\"https:\/\/www.heim-geraetebau.de\/wp-content\/plugins\/master-slider\/public\/assets\/css\/blank.gif\" alt=\"\" title=\"\" data-src=\"https:\/\/www.heim-geraetebau.de\/wp-content\/uploads\/2022\/11\/Spritzkuchen-2-e1667728855505.jpg\" \/>\n\n\n\t<div class=\"ms-thumb\" ><div class=\"ms-tab-context\"><div class=&quot;ms-tab-context&quot;><\/div><\/div>\n<\/div>\n\t\t\t\t<\/div>\n\t\t\t\t<div  class=\"ms-slide\" data-delay=\"3\" data-fill-mode=\"fill\"  >\n\t\t\t\t\t<img decoding=\"async\" src=\"https:\/\/www.heim-geraetebau.de\/wp-content\/plugins\/master-slider\/public\/assets\/css\/blank.gif\" alt=\"\" title=\"\" data-src=\"https:\/\/www.heim-geraetebau.de\/wp-content\/uploads\/2022\/11\/Glasur3.jpg\" \/>\n\n\n\t<div class=\"ms-thumb\" ><div class=\"ms-tab-context\"><div class=&quot;ms-tab-context&quot;><\/div><\/div>\n<\/div>\n\t\t\t\t<\/div>\n\t\t\t\t<div  class=\"ms-slide\" data-delay=\"3\" data-fill-mode=\"fill\"  >\n\t\t\t\t\t<img decoding=\"async\" src=\"https:\/\/www.heim-geraetebau.de\/wp-content\/plugins\/master-slider\/public\/assets\/css\/blank.gif\" alt=\"\" title=\"\" data-src=\"https:\/\/www.heim-geraetebau.de\/wp-content\/uploads\/2019\/01\/Titelbild-2018-e1667729088852.jpg\" \/>\n\n\n\t<div class=\"ms-thumb\" ><div class=\"ms-tab-context\"><div class=&quot;ms-tab-context&quot;><\/div><\/div>\n<\/div>\n\t\t\t\t<\/div>\n\t\t\t\t<div  class=\"ms-slide\" data-delay=\"3\" data-fill-mode=\"fill\"  >\n\t\t\t\t\t<img decoding=\"async\" src=\"https:\/\/www.heim-geraetebau.de\/wp-content\/plugins\/master-slider\/public\/assets\/css\/blank.gif\" alt=\"\" title=\"\" data-src=\"https:\/\/www.heim-geraetebau.de\/wp-content\/uploads\/2014\/12\/DSC_0076.jpg\" \/>\n\n\n\t<div class=\"ms-thumb\" ><div class=\"ms-tab-context\"><div class=&quot;ms-tab-context&quot;><\/div><\/div>\n<\/div>\n\t\t\t\t<\/div>\n\t\t\t\t<div  class=\"ms-slide\" data-delay=\"3\" data-fill-mode=\"fill\"  >\n\t\t\t\t\t<img decoding=\"async\" src=\"https:\/\/www.heim-geraetebau.de\/wp-content\/plugins\/master-slider\/public\/assets\/css\/blank.gif\" alt=\"\" title=\"\" data-src=\"https:\/\/www.heim-geraetebau.de\/wp-content\/uploads\/2014\/11\/UFD-7-Fettreinigung1.jpg\" \/>\n\n\n\t<div class=\"ms-thumb\" ><div class=\"ms-tab-context\"><div class=&quot;ms-tab-context&quot;><\/div><\/div>\n<\/div>\n\t\t\t\t<\/div>\n\n\t\t\t<\/div>\n\t\t\t<!-- END MasterSlider Main -->\n\n\t\t\t \n\t\t<\/div>\n\t\t<!-- END MasterSlider -->\n\n\t\t<script>\n\t\t(function ( $ ) {\n\t\t\t\"use strict\";\n\n\t\t\t$(function () {\n\t\t\t\tvar masterslider_f2ef = new MasterSlider();\n\n\t\t\t\t\/\/ slider controls\n\n\t\t\t\t\/\/ slider setup\n\t\t\t\tmasterslider_f2ef.setup(\"MS69e5998a4f2ef\", {\n\t\t\t\t\t\twidth           : 1000,\n\t\t\t\t\t\theight          : 500,\n\t\t\t\t\t\tminHeight       : 0,\n\t\t\t\t\t\tspace           : 0,\n\t\t\t\t\t\tstart           : 1,\n\t\t\t\t\t\tgrabCursor      : true,\n\t\t\t\t\t\tswipe           : true,\n\t\t\t\t\t\tmouse           : true,\n\t\t\t\t\t\tlayout          : \"boxed\",\n\t\t\t\t\t\twheel           : false,\n\t\t\t\t\t\tautoplay        : true,\n\t\t\t\t\t\tinstantStartLayers:false,\n\t\t\t\t\t\tloop            : true,\n\t\t\t\t\t\tshuffle         : true,\n\t\t\t\t\t\tpreload         : 0,\n\t\t\t\t\t\theightLimit     : true,\n\t\t\t\t\t\tautoHeight      : false,\n\t\t\t\t\t\tsmoothHeight    : true,\n\t\t\t\t\t\tendPause        : false,\n\t\t\t\t\t\toverPause       : true,\n\t\t\t\t\t\tfillMode        : \"fill\",\n\t\t\t\t\t\tcenterControls  : true,\n\t\t\t\t\t\tstartOnAppear   : false,\n\t\t\t\t\t\tlayersMode      : \"center\",\n\t\t\t\t\t\thideLayers      : false,\n\t\t\t\t\t\tfullscreenMargin: 0,\n\t\t\t\t\t\tspeed           : 20,\n\t\t\t\t\t\tdir             : \"h\",\n\t\t\t\t\t\tparallaxMode    : 'swipe',\n\t\t\t\t\t\tview            : \"fade\"\n\t\t\t\t});\n\n\t\t\t\t\n\t\t\t\twindow.masterslider_instances = window.masterslider_instances || [];\n\t\t\t\twindow.masterslider_instances.push( masterslider_f2ef );\n\t\t\t });\n\n\t\t})(jQuery);\n\t\t<\/script>\n\n\n<p style=\"text-align: left;\"><blockquote class=\"alignright\"> Quoi caract\u00e9rise notre entreprise? La marque JUFEBA d\u00e9signe l&rsquo;exp\u00e9rience de longue date et la comp\u00e9tence au domaine de la technique de boulangerie sophistiqu\u00e9e! <\/blockquote>\n<div class=\"divider_line\"><\/div>\n<p>&nbsp;<\/p>\n<div class=\"one_fourth\"><i class=\"iconfont icon-check-circle-o icon-5x pull-left\" style=\"color:#203A5A\"><\/i>\nNos techniciens experts font du travail excellent jour par jour selon la devise \u00ab\u00a0Rien n&rsquo;est impossible!\u00a0\u00bb<div class=\"divider_padding\"><\/div><\/div>\n<div class=\"one_fourth\"><i class=\"iconfont icon-check-circle-o icon-5x pull-left\" style=\"color:#203A5A\"><\/i>\nUn exemple: Vous cuisez quelques 1.000 beignets par jour et chaque beignet doit devenir manuellement parfait?<br \/>\n<div class=\"divider_padding\"><\/div><\/div>\n<div class=\"one_fourth\"><i class=\"iconfont icon-check-circle-o icon-5x pull-left\" style=\"color:#203A5A\"><\/i>\nAlors, nos friteuses sophistiqu\u00e9es et nos machines de bouillir sont appropri\u00e9es optimale pour votre cas d&rsquo;application! <div class=\"divider_padding\"><\/div><\/div>\n<div class=\"one_fourth last\"><i class=\"iconfont icon-check-circle-o icon-5x pull-left\" style=\"color:#203A5A\"><\/i>\nIl y a des id\u00e9es novatrices, quelles vous voulez r\u00e9aliser avec nous? Prenez contact avec nous!<br \/>\n<div class=\"divider_padding\"><\/div><\/div><div class=\"clearboth\"><\/div>\n<p>Si vous avez des autres questions ou vous d\u00e9sirez un catalogue des produits, prenez contact avec nous par e-mail ou t\u00e9l\u00e9phone s&rsquo;il vous pla\u00eet. Nous nous r\u00e9jouissons d&rsquo;une consultation individuelle.<\/p>\n","protected":false},"excerpt":{"rendered":"<p>Depuis plus de 50 ans Heim Ger\u00e4tebau GmbH &amp; Co. KG offre une grosse section de produits dans le domaine de la technique de boulangerie avec la marque JUFEBA. L&rsquo;accent &#8230;<\/p>\n","protected":false},"author":2,"featured_media":0,"parent":0,"menu_order":0,"comment_status":"closed","ping_status":"closed","template":"","meta":{"_exactmetrics_skip_tracking":false,"_exactmetrics_sitenote_active":false,"_exactmetrics_sitenote_note":"","_exactmetrics_sitenote_category":0,"footnotes":""},"yoast_head":"<!-- This site is optimized with the Yoast SEO plugin v22.2 - https:\/\/yoast.com\/wordpress\/plugins\/seo\/ -->\n<title>JUFEBA - Heim Ger\u00e4tebau<\/title>\n<meta name=\"robots\" content=\"index, follow, max-snippet:-1, max-image-preview:large, max-video-preview:-1\" \/>\n<link rel=\"canonical\" href=\"https:\/\/www.heim-geraetebau.de\/fr\/\" \/>\n<meta property=\"og:locale\" content=\"fr_FR\" \/>\n<meta property=\"og:type\" content=\"article\" \/>\n<meta property=\"og:title\" content=\"JUFEBA - Heim Ger\u00e4tebau\" \/>\n<meta property=\"og:description\" content=\"Depuis plus de 50 ans Heim Ger\u00e4tebau GmbH &amp; Co. KG offre une grosse section de produits dans le domaine de la technique de boulangerie avec la marque JUFEBA. L&rsquo;accent ...\" \/>\n<meta property=\"og:url\" content=\"https:\/\/www.heim-geraetebau.de\/fr\/\" \/>\n<meta property=\"og:site_name\" content=\"Heim Ger\u00e4tebau\" \/>\n<meta property=\"article:modified_time\" content=\"2022-11-12T14:08:35+00:00\" \/>\n<meta name=\"twitter:card\" content=\"summary_large_image\" \/>\n<meta name=\"twitter:label1\" content=\"Dur\u00e9e de lecture estim\u00e9e\" \/>\n\t<meta name=\"twitter:data1\" content=\"2 minutes\" \/>\n<script type=\"application\/ld+json\" class=\"yoast-schema-graph\">{\"@context\":\"https:\/\/schema.org\",\"@graph\":[{\"@type\":\"WebPage\",\"@id\":\"https:\/\/www.heim-geraetebau.de\/fr\/\",\"url\":\"https:\/\/www.heim-geraetebau.de\/fr\/\",\"name\":\"JUFEBA - Heim Ger\u00e4tebau\",\"isPartOf\":{\"@id\":\"https:\/\/www.heim-geraetebau.de\/fr\/#website\"},\"datePublished\":\"2014-11-20T13:09:52+00:00\",\"dateModified\":\"2022-11-12T14:08:35+00:00\",\"inLanguage\":\"fr-FR\",\"potentialAction\":[{\"@type\":\"ReadAction\",\"target\":[\"https:\/\/www.heim-geraetebau.de\/fr\/\"]}]},{\"@type\":\"WebSite\",\"@id\":\"https:\/\/www.heim-geraetebau.de\/fr\/#website\",\"url\":\"https:\/\/www.heim-geraetebau.de\/fr\/\",\"name\":\"JUFEBA\",\"description\":\"\",\"potentialAction\":[{\"@type\":\"SearchAction\",\"target\":{\"@type\":\"EntryPoint\",\"urlTemplate\":\"https:\/\/www.heim-geraetebau.de\/fr\/?s={search_term_string}\"},\"query-input\":\"required name=search_term_string\"}],\"inLanguage\":\"fr-FR\"}]}<\/script>\n<!-- \/ Yoast SEO plugin. -->","yoast_head_json":{"title":"JUFEBA - Heim Ger\u00e4tebau","robots":{"index":"index","follow":"follow","max-snippet":"max-snippet:-1","max-image-preview":"max-image-preview:large","max-video-preview":"max-video-preview:-1"},"canonical":"https:\/\/www.heim-geraetebau.de\/fr\/","og_locale":"fr_FR","og_type":"article","og_title":"JUFEBA - Heim Ger\u00e4tebau","og_description":"Depuis plus de 50 ans Heim Ger\u00e4tebau GmbH &amp; Co. KG offre une grosse section de produits dans le domaine de la technique de boulangerie avec la marque JUFEBA. L&rsquo;accent ...","og_url":"https:\/\/www.heim-geraetebau.de\/fr\/","og_site_name":"Heim Ger\u00e4tebau","article_modified_time":"2022-11-12T14:08:35+00:00","twitter_card":"summary_large_image","twitter_misc":{"Dur\u00e9e de lecture estim\u00e9e":"2 minutes"},"schema":{"@context":"https:\/\/schema.org","@graph":[{"@type":"WebPage","@id":"https:\/\/www.heim-geraetebau.de\/fr\/","url":"https:\/\/www.heim-geraetebau.de\/fr\/","name":"JUFEBA - Heim Ger\u00e4tebau","isPartOf":{"@id":"https:\/\/www.heim-geraetebau.de\/fr\/#website"},"datePublished":"2014-11-20T13:09:52+00:00","dateModified":"2022-11-12T14:08:35+00:00","inLanguage":"fr-FR","potentialAction":[{"@type":"ReadAction","target":["https:\/\/www.heim-geraetebau.de\/fr\/"]}]},{"@type":"WebSite","@id":"https:\/\/www.heim-geraetebau.de\/fr\/#website","url":"https:\/\/www.heim-geraetebau.de\/fr\/","name":"JUFEBA","description":"","potentialAction":[{"@type":"SearchAction","target":{"@type":"EntryPoint","urlTemplate":"https:\/\/www.heim-geraetebau.de\/fr\/?s={search_term_string}"},"query-input":"required name=search_term_string"}],"inLanguage":"fr-FR"}]}},"_links":{"self":[{"href":"https:\/\/www.heim-geraetebau.de\/fr\/wp-json\/wp\/v2\/pages\/1612"}],"collection":[{"href":"https:\/\/www.heim-geraetebau.de\/fr\/wp-json\/wp\/v2\/pages"}],"about":[{"href":"https:\/\/www.heim-geraetebau.de\/fr\/wp-json\/wp\/v2\/types\/page"}],"author":[{"embeddable":true,"href":"https:\/\/www.heim-geraetebau.de\/fr\/wp-json\/wp\/v2\/users\/2"}],"replies":[{"embeddable":true,"href":"https:\/\/www.heim-geraetebau.de\/fr\/wp-json\/wp\/v2\/comments?post=1612"}],"version-history":[{"count":1,"href":"https:\/\/www.heim-geraetebau.de\/fr\/wp-json\/wp\/v2\/pages\/1612\/revisions"}],"predecessor-version":[{"id":3058,"href":"https:\/\/www.heim-geraetebau.de\/fr\/wp-json\/wp\/v2\/pages\/1612\/revisions\/3058"}],"wp:attachment":[{"href":"https:\/\/www.heim-geraetebau.de\/fr\/wp-json\/wp\/v2\/media?parent=1612"}],"curies":[{"name":"wp","href":"https:\/\/api.w.org\/{rel}","templated":true}]}}